{"id":784,"date":"2019-01-15T12:12:37","date_gmt":"2019-01-15T12:12:37","guid":{"rendered":"http:\/\/integralepito.web2.vhost.hu\/?page_id=784"},"modified":"2024-11-24T22:38:07","modified_gmt":"2024-11-24T22:38:07","slug":"bemutatkozas","status":"publish","type":"page","link":"http:\/\/integralepito.hu\/","title":{"rendered":"Bemutatkoz\u00e1s"},"content":{"rendered":"\n<p class=\"has-text-align-center has-very-dark-gray-color has-text-color has-background\" style=\"background-color:#d2e4f0\">&nbsp; &nbsp;&nbsp;&nbsp;&nbsp;&nbsp;&nbsp;&nbsp;&nbsp;<strong>BEMUTATKOZ\u00c1S<\/strong><\/p>\n\n\n\n<p class=\"has-very-dark-gray-color has-text-color has-background\" style=\"background-color:#d2e4f0\">Az Integr\u00e1l GMK-t B\u0151di J\u00e1nos alap\u00edtotta 1982-ben, Gazdas\u00e1gi Munkak\u00f6z\u00f6ss\u00e9g form\u00e1j\u00e1ban, majd 1999-ben \u00e1talakul\u00e1ssal j\u00f6tt l\u00e9tre az INTEGR\u00c1L \u00c9p\u00edt\u0151 Zrt. A c\u00e9g 100%-os m\u00e9rt\u00e9kben csal\u00e1di v\u00e1llalkoz\u00e1s. Ma az \u00e9p\u00edt\u0151ipari f\u0151v\u00e1llalkoz\u00e1ssal, kivitelez\u00e9ssel foglalkoz\u00f3 42 \u00e9ves z\u00e1rtk\u00f6r\u0171en m\u0171k\u00f6d\u0151 r\u00e9szv\u00e9nyt\u00e1rsas\u00e1g a D\u00e9l-Alf\u00f6ldi r\u00e9gi\u00f3 egyik meghat\u00e1roz\u00f3 \u00e9p\u00edt\u0151ipari v\u00e1llalkoz\u00e1sa.<\/p>\n\n\n\n<p class=\"has-very-dark-gray-color has-text-color has-background\" style=\"background-color:#d2e4f0\">\u00a0\u00a0\u00a0\u00a0\u00a0\u00a0\u00a0\u00a0\u00a0 F\u0151 tev\u00e9kenys\u00e9ge a lak\u00f3- \u00e9s nem lak\u00f3 \u00e9p\u00fclet \u00e9p\u00edt\u00e9se, emellett tev\u00e9kenys\u00e9gi k\u00f6r\u00e9be tartozik m\u00e9g a magas-, m\u00e9ly\u00e9p\u00edt\u00e9s, \u00fat-, aut\u00f3p\u00e1lya- \u00e9s egy\u00e9b speci\u00e1lis szak\u00e9p\u00edt\u00e9s, m\u00e9rn\u00f6ki, \u00e9p\u00edt\u00e9szm\u00e9rn\u00f6ki tev\u00e9kenys\u00e9g. Kezdetekt\u0151l fogva fokozatosan n\u0151tt a c\u00e9g l\u00e9tsz\u00e1ma. Alv\u00e1llalkoz\u00f3kat csak a legritk\u00e1bb esetekben, speci\u00e1lis szakter\u00fcleten foglalkoztatunk. C\u00e9g\u00fcnk er\u0151ss\u00e9ge a megb\u00edzhat\u00f3, korrekt szakemberg\u00e1rda. Alkalmazottaink l\u00e9tsz\u00e1ma 60 f\u0151, melynek jelent\u0151s r\u00e9sz\u00e9t a k\u0151m\u0171ves brig\u00e1dok teszik ki \u00a035 f\u0151vel. Rendelkez\u00fcnk 7 f\u0151s \u00e1cs brig\u00e1ddal, 4 f\u0151s asztalos, 3 f\u0151s fest\u0151 brig\u00e1ddal, valamint 7 f\u0151t sz\u00e1ml\u00e1l\u00f3 g\u00e9pkezel\u0151 \u00e1llom\u00e1nnyal. Szakembereink k\u00f6r\u00e9t b\u0151v\u00edtik a lakatos, villanyszerel\u0151 valamint fest\u0151 \u00e9s b\u00e1dogos munkat\u00e1rsak. A c\u00e9g telephely\u00e9n minden szakma rendelkezik saj\u00e1t m\u0171hellyel, amelyben szakemberei helyben, saj\u00e1t maguk gy\u00e1rthatj\u00e1k le a megrendelt term\u00e9keket pl. ny\u00edl\u00e1sz\u00e1r\u00f3k, ac\u00e9lszerkezetek, b\u00e1dogos szerkezetek stb.<\/p>\n\n\n\n<p class=\"has-very-dark-gray-color has-text-color has-background\" style=\"background-color:#d2e4f0\">&nbsp;&nbsp;&nbsp;&nbsp;&nbsp;&nbsp;&nbsp;&nbsp; Munk\u00e1nkat\nmagas sz\u00ednvonalon, pontosan teljes\u00edtett hat\u00e1rid\u0151kkel, a meg\u00e1llapod\u00e1sok\nmarad\u00e9ktalan betart\u00e1s\u00e1val v\u00e9gezz\u00fck. C\u00e9g\u00fcnk versenyk\u00e9pess\u00e9g\u00e9nek jav\u00edt\u00e1sa, a\nsz\u00ednvonalas munkav\u00e9gz\u00e9s \u00e9rdek\u00e9ben ISO 9001-es min\u0151s\u00e9gir\u00e1ny\u00edt\u00e1si, ISO 28001-es\nmunkahelyi \u00e9s eg\u00e9szs\u00e9gv\u00e9delmi \u00e9s ISO 14001-es k\u00f6rnyezetk\u00f6zpont\u00fa ir\u00e1ny\u00edt\u00e1si\nrendszerrel, valamint teljes k\u00f6r\u0171 \u00e9p\u00edt\u00e9si felel\u0151ss\u00e9gbiztos\u00edt\u00e1ssal rendelkezik.\nA ki\u00e9p\u00edtett min\u0151s\u00e9gir\u00e1ny\u00edt\u00e1si \u00e9s k\u00f6rnyezetk\u00f6zpont\u00fa ir\u00e1ny\u00edt\u00e1si rendszereket\nolyan eszk\u00f6znek tekintj\u00fck, mely seg\u00edts\u00e9g\u00e9vel koll\u00e9g\u00e1ink elk\u00f6telezett\u00e9 v\u00e1lnak a min\u0151s\u00e9gi\nmunkav\u00e9gz\u00e9s ir\u00e1nt, a v\u00e1llalkoz\u00e1s szolg\u00e1ltat\u00e1si sz\u00ednvonala folyamatosan\nfejl\u0151dik, ez\u00e1ltal a t\u00e1rsas\u00e1g m\u0171k\u00f6d\u00e9se gazdas\u00e1gosabb, eredm\u00e9nyesebb, a\nversenyk\u00e9pess\u00e9ge \u00e9s a vev\u0151i el\u00e9gedetts\u00e9g n\u00f6vekszik.<\/p>\n\n\n\n<p class=\"has-very-dark-gray-color has-text-color has-background\" style=\"background-color:#d2e4f0\">&nbsp;&nbsp;&nbsp;&nbsp;&nbsp;&nbsp;&nbsp; Az eltelt 42 \u00e9v alatt v\u00e1llalkoz\u00e1sunk a szakm\u00e1ban meghat\u00e1roz\u00f3 t\u00e9nyez\u0151v\u00e9 v\u00e1lt els\u0151sorban<br>partnereink ig\u00e9nyeinek gyors, pontos \u00e9s kiemelked\u0151 min\u0151s\u00e9g\u0171 kiel\u00e9g\u00edt\u00e9se r\u00e9v\u00e9n:<br>mind az \u00e9p\u00fcletek, l\u00e9tes\u00edtm\u00e9nyek megval\u00f3s\u00edt\u00e1sa, mind a kereskedelem \u00e9s<br>szolg\u00e1ltat\u00e1sok ter\u00e9n.<\/p>\n\n\n\n<p class=\"has-very-dark-gray-color has-text-color has-background\" style=\"background-color:#d2e4f0\">&nbsp;&nbsp;&nbsp;&nbsp;&nbsp;&nbsp; A v\u00e1llalkoz\u00e1s \u00e9s a vezet\u0151s\u00e9g munk\u00e1ss\u00e1ga sz\u00e1mos elismer\u00e9sben r\u00e9szes\u00fclt az elm\u00falt \u00e9vekben. 2003-ban, 2004-ben \u00e9s 2005-ben el\u0151sz\u00f6r kis-, majd kis- \u00e9s k\u00f6z\u00e9p, v\u00e9g\u00fcl k\u00f6z\u00e9pv\u00e1llalkoz\u00e1s kateg\u00f3ri\u00e1ban elnyerte a D\u00e9l-Alf\u00f6ldi Region\u00e1lis Min\u0151s\u00e9gi D\u00edjat. 2007-ben az \u00c9v Ipari V\u00e1llalkoz\u00e1sa B\u00e9k\u00e9s megy\u00e9ben. 2010 \u00e9s 2012 k\u00f6z\u00f6tt minden \u00e9vben a Kiv\u00e1l\u00f3 Gyakorlati K\u00e9pz\u0151hely c\u00edmet kapott a B\u00e9k\u00e9s Megyei Kereskedelmi \u00e9s Iparkamar\u00e1t\u00f3l. B\u0151di J\u00e1nost 1999-ben, majd 2006-ban az \u00c9v V\u00e1llalkoz\u00f3ja, 2010-ben pedig a Magyar K\u00f6zt\u00e1rsas\u00e1g Arany \u00c9rdemkeresztj\u00e9vel (polg\u00e1ri tagozat) t\u00fcntett\u00e9k ki.  A 2017. \u00e9vt\u0151l  B\u0151di J\u00e1nos alap\u00edt\u00f3 visszavonul\u00e1s\u00e1t k\u00f6vet\u0151en a c\u00e9g operat\u00edv ir\u00e1ny\u00edt\u00e1st B\u0151di P\u00e9ter vette \u00e1t.<\/p>\n\n\n\n<p><\/p>\n\n\n\n<p class=\"has-text-align-right has-very-dark-gray-color has-text-color has-background\" style=\"background-color:#d2e4f0\"><strong>B\u0151di P\u00e9ter <\/strong> <br><strong>&nbsp; Vez\u00e9rigazgat\u00f3<\/strong> <\/p>\n\n\n\n<p class=\"has-text-align-right\"><\/p>\n","protected":false},"excerpt":{"rendered":"<p>&nbsp; &nbsp;&nbsp;&nbsp;&nbsp;&nbsp;&nbsp;&nbsp;&nbsp;BEMUTATKOZ\u00c1S Az Integr\u00e1l GMK-t B\u0151di J\u00e1nos alap\u00edtotta 1982-ben, Gazdas\u00e1gi Munkak\u00f6z\u00f6ss\u00e9g form\u00e1j\u00e1ban, majd 1999-ben \u00e1talakul\u00e1ssal j\u00f6tt l\u00e9tre az INTEGR\u00c1L \u00c9p\u00edt\u0151 Zrt. A c\u00e9g 100%-os m\u00e9rt\u00e9kben csal\u00e1di v\u00e1llalkoz\u00e1s. Ma az \u00e9p\u00edt\u0151ipari f\u0151v\u00e1llalkoz\u00e1ssal, kivitelez\u00e9ssel foglalkoz\u00f3 42 \u00e9ves z\u00e1rtk\u00f6r\u0171en m\u0171k\u00f6d\u0151 r\u00e9szv\u00e9nyt\u00e1rsas\u00e1g a D\u00e9l-Alf\u00f6ldi r\u00e9gi\u00f3 egyik meghat\u00e1roz\u00f3 \u00e9p\u00edt\u0151ipari v\u00e1llalkoz\u00e1sa. \u00a0\u00a0\u00a0\u00a0\u00a0\u00a0\u00a0\u00a0\u00a0 F\u0151 tev\u00e9kenys\u00e9ge a lak\u00f3-&#8230;<\/p>\n","protected":false},"author":1,"featured_media":796,"parent":0,"menu_order":0,"comment_status":"closed","ping_status":"closed","template":"","meta":{"footnotes":""},"class_list":["post-784","page","type-page","status-publish","has-post-thumbnail","hentry"],"_links":{"self":[{"href":"http:\/\/integralepito.hu\/index.php\/wp-json\/wp\/v2\/pages\/784","targetHints":{"allow":["GET"]}}],"collection":[{"href":"http:\/\/integralepito.hu\/index.php\/wp-json\/wp\/v2\/pages"}],"about":[{"href":"http:\/\/integralepito.hu\/index.php\/wp-json\/wp\/v2\/types\/page"}],"author":[{"embeddable":true,"href":"http:\/\/integralepito.hu\/index.php\/wp-json\/wp\/v2\/users\/1"}],"replies":[{"embeddable":true,"href":"http:\/\/integralepito.hu\/index.php\/wp-json\/wp\/v2\/comments?post=784"}],"version-history":[{"count":15,"href":"http:\/\/integralepito.hu\/index.php\/wp-json\/wp\/v2\/pages\/784\/revisions"}],"predecessor-version":[{"id":2441,"href":"http:\/\/integralepito.hu\/index.php\/wp-json\/wp\/v2\/pages\/784\/revisions\/2441"}],"wp:featuredmedia":[{"embeddable":true,"href":"http:\/\/integralepito.hu\/index.php\/wp-json\/wp\/v2\/media\/796"}],"wp:attachment":[{"href":"http:\/\/integralepito.hu\/index.php\/wp-json\/wp\/v2\/media?parent=784"}],"curies":[{"name":"wp","href":"https:\/\/api.w.org\/{rel}","templated":true}]}}