{"id":714,"date":"2019-01-14T08:46:51","date_gmt":"2019-01-14T08:46:51","guid":{"rendered":"http:\/\/integralepito.web2.vhost.hu\/?page_id=714"},"modified":"2019-02-16T17:31:17","modified_gmt":"2019-02-16T17:31:17","slug":"2002-2","status":"publish","type":"page","link":"http:\/\/integralepito.hu\/index.php\/referenciak\/2002-2\/","title":{"rendered":"2002"},"content":{"rendered":"\n<figure class=\"wp-block-image\"><a href=\"http:\/\/integralepito.web2.vhost.hu\/wp-content\/uploads\/2019\/02\/52.jpg\"><img fetchpriority=\"high\" decoding=\"async\" width=\"640\" height=\"419\" src=\"http:\/\/integralepito.web2.vhost.hu\/wp-content\/uploads\/2019\/02\/52.jpg\" alt=\"\" class=\"wp-image-1468\" srcset=\"http:\/\/integralepito.hu\/wp-content\/uploads\/2019\/02\/52.jpg 640w, http:\/\/integralepito.hu\/wp-content\/uploads\/2019\/02\/52-300x196.jpg 300w\" sizes=\"(max-width: 640px) 100vw, 640px\" \/><\/a><figcaption><strong>Szabadk\u00edgy\u00f3s Wenckheim kast\u00e9ly tet\u0151fel\u00faj\u00edt\u00e1s<\/strong><\/figcaption><\/figure>\n\n\n\n<figure class=\"wp-block-image\"><a href=\"http:\/\/integralepito.web2.vhost.hu\/wp-content\/uploads\/2019\/02\/28.jpg\"><img decoding=\"async\" width=\"640\" height=\"326\" src=\"http:\/\/integralepito.web2.vhost.hu\/wp-content\/uploads\/2019\/02\/28.jpg\" alt=\"\" class=\"wp-image-1470\" srcset=\"http:\/\/integralepito.hu\/wp-content\/uploads\/2019\/02\/28.jpg 640w, http:\/\/integralepito.hu\/wp-content\/uploads\/2019\/02\/28-300x153.jpg 300w\" sizes=\"(max-width: 640px) 100vw, 640px\" \/><\/a><figcaption><strong>V\u00e1g\u00f3h\u00edd u. 20 lak\u00e1s<\/strong><\/figcaption><\/figure>\n\n\n\n<figure class=\"wp-block-image\"><img decoding=\"async\" width=\"979\" height=\"450\" src=\"http:\/\/integralepito.web2.vhost.hu\/wp-content\/uploads\/2019\/02\/hakilabor4.jpg\" alt=\"\" class=\"wp-image-1471\" srcset=\"http:\/\/integralepito.hu\/wp-content\/uploads\/2019\/02\/hakilabor4.jpg 979w, http:\/\/integralepito.hu\/wp-content\/uploads\/2019\/02\/hakilabor4-300x138.jpg 300w, http:\/\/integralepito.hu\/wp-content\/uploads\/2019\/02\/hakilabor4-768x353.jpg 768w\" sizes=\"(max-width: 979px) 100vw, 979px\" \/><figcaption><strong>Szarvas, Haki labor\u00a0tet\u0151t\u00e9rbe\u00e9p\u00edt\u00e9s<\/strong><\/figcaption><\/figure>\n\n\n\n<figure class=\"wp-block-image is-resized\"><a href=\"http:\/\/integralepito.web2.vhost.hu\/wp-content\/uploads\/2019\/02\/k_Szentesi18.jpg\"><img loading=\"lazy\" decoding=\"async\" src=\"http:\/\/integralepito.web2.vhost.hu\/wp-content\/uploads\/2019\/02\/k_Szentesi18.jpg\" alt=\"\" class=\"wp-image-1472\" width=\"581\" height=\"363\"\/><\/a><figcaption><strong>Szentesi \u00fati 18 lak\u00e1s<\/strong><\/figcaption><\/figure>\n\n\n\n<figure class=\"wp-block-image\"><a href=\"http:\/\/integralepito.web2.vhost.hu\/wp-content\/uploads\/2019\/02\/kond10.jpg\"><img loading=\"lazy\" decoding=\"async\" width=\"894\" height=\"549\" src=\"http:\/\/integralepito.web2.vhost.hu\/wp-content\/uploads\/2019\/02\/kond10.jpg\" alt=\"\" class=\"wp-image-1473\" srcset=\"http:\/\/integralepito.hu\/wp-content\/uploads\/2019\/02\/kond10.jpg 894w, http:\/\/integralepito.hu\/wp-content\/uploads\/2019\/02\/kond10-300x184.jpg 300w, http:\/\/integralepito.hu\/wp-content\/uploads\/2019\/02\/kond10-768x472.jpg 768w\" sizes=\"(max-width: 894px) 100vw, 894px\" \/><\/a><figcaption><strong>Kondoros, 6 lak\u00e1sos t\u00e1rsash\u00e1z \u00e9p\u00edt\u00e9se<\/strong><\/figcaption><\/figure>\n\n\n\n<figure class=\"wp-block-image\"><a href=\"http:\/\/integralepito.web2.vhost.hu\/wp-content\/uploads\/2019\/02\/27.jpg\"><img loading=\"lazy\" decoding=\"async\" width=\"640\" height=\"328\" src=\"http:\/\/integralepito.web2.vhost.hu\/wp-content\/uploads\/2019\/02\/27.jpg\" alt=\"\" class=\"wp-image-1474\" srcset=\"http:\/\/integralepito.hu\/wp-content\/uploads\/2019\/02\/27.jpg 640w, http:\/\/integralepito.hu\/wp-content\/uploads\/2019\/02\/27-300x154.jpg 300w\" sizes=\"(max-width: 640px) 100vw, 640px\" \/><\/a><figcaption><strong>Szarvas, Haki biorizs t\u00e1rol\u00f3 \u00e9p\u00edt\u00e9se<\/strong><\/figcaption><\/figure>\n\n\n\n<p>\/<\/p>\n","protected":false},"excerpt":{"rendered":"<p>\/<\/p>\n","protected":false},"author":1,"featured_media":0,"parent":27,"menu_order":0,"comment_status":"closed","ping_status":"closed","template":"","meta":{"footnotes":""},"class_list":["post-714","page","type-page","status-publish","hentry"],"_links":{"self":[{"href":"http:\/\/integralepito.hu\/index.php\/wp-json\/wp\/v2\/pages\/714","targetHints":{"allow":["GET"]}}],"collection":[{"href":"http:\/\/integralepito.hu\/index.php\/wp-json\/wp\/v2\/pages"}],"about":[{"href":"http:\/\/integralepito.hu\/index.php\/wp-json\/wp\/v2\/types\/page"}],"author":[{"embeddable":true,"href":"http:\/\/integralepito.hu\/index.php\/wp-json\/wp\/v2\/users\/1"}],"replies":[{"embeddable":true,"href":"http:\/\/integralepito.hu\/index.php\/wp-json\/wp\/v2\/comments?post=714"}],"version-history":[{"count":2,"href":"http:\/\/integralepito.hu\/index.php\/wp-json\/wp\/v2\/pages\/714\/revisions"}],"predecessor-version":[{"id":1475,"href":"http:\/\/integralepito.hu\/index.php\/wp-json\/wp\/v2\/pages\/714\/revisions\/1475"}],"up":[{"embeddable":true,"href":"http:\/\/integralepito.hu\/index.php\/wp-json\/wp\/v2\/pages\/27"}],"wp:attachment":[{"href":"http:\/\/integralepito.hu\/index.php\/wp-json\/wp\/v2\/media?parent=714"}],"curies":[{"name":"wp","href":"https:\/\/api.w.org\/{rel}","templated":true}]}}