{"id":62,"date":"2019-01-03T12:29:52","date_gmt":"2019-01-03T12:29:52","guid":{"rendered":"http:\/\/integralepito.web2.vhost.hu\/?page_id=62"},"modified":"2022-10-27T17:02:16","modified_gmt":"2022-10-27T17:02:16","slug":"kapcsolat","status":"publish","type":"page","link":"http:\/\/integralepito.hu\/index.php\/kapcsolat\/","title":{"rendered":"Kapcsolat"},"content":{"rendered":"\n<p style=\"font-size:17px\"><strong>Bejegyzett n\u00e9v: <\/strong>INTEGR\u00c1L \u00c9p\u00edt\u0151 Z\u00e1rtk\u00f6r\u0171en M\u0171k\u00f6d\u0151\nR\u00e9szv\u00e9nyt\u00e1rsas\u00e1g<\/p>\n\n\n\n<p><strong>R\u00f6vid n\u00e9v: <\/strong>INTEGR\u00c1L Zrt.<\/p>\n\n\n\n<p><strong>Sz\u00e9khely: <\/strong>5540 Szarvas, \u00c1rp\u00e1d utca 10.<\/p>\n\n\n\n<p><strong>Telephely: <\/strong>5540 Szarvas, Orosh\u00e1zi \u00fat 7.<\/p>\n\n\n\n<p><strong>Telefon: 06 66&nbsp;313&nbsp;898<\/strong> &nbsp;<\/p>\n\n\n\n<p><a href=\"http:\/\/integralepito.web2.vhost.hu\/\">Web: http:\/\/integralepito.hu\/<\/a><\/p>\n\n\n\n<p><strong>E-mail: <a href=\"mailto:Integral@szarvas.hu\">Integral@szarvas.hu<\/a>\n<\/strong>&nbsp;<\/p>\n\n\n\n<p><strong>C\u00e9gjegyz\u00e9ksz\u00e1m: <\/strong>04-10-001543<\/p>\n\n\n\n<p><strong>Ad\u00f3sz\u00e1m: <\/strong>11863557204<\/p>\n\n\n\n<p><strong>Alap\u00edt\u00e1s d\u00e1tuma: <\/strong>1999.04.10<\/p>\n\n\n\n<p><strong>F\u0151tev\u00e9kenys\u00e9g: <\/strong>Lak\u00f3- \u00e9s nem lak\u00f3 \u00e9p\u00fclet \u00e9p\u00edt\u00e9se<\/p>\n","protected":false},"excerpt":{"rendered":"<p>Bejegyzett n\u00e9v: INTEGR\u00c1L \u00c9p\u00edt\u0151 Z\u00e1rtk\u00f6r\u0171en M\u0171k\u00f6d\u0151 R\u00e9szv\u00e9nyt\u00e1rsas\u00e1g R\u00f6vid n\u00e9v: INTEGR\u00c1L Zrt. Sz\u00e9khely: 5540 Szarvas, \u00c1rp\u00e1d utca 10. Telephely: 5540 Szarvas, Orosh\u00e1zi \u00fat 7. Telefon: 06 66&nbsp;313&nbsp;898 &nbsp; Web: http:\/\/integralepito.hu\/ E-mail: Integral@szarvas.hu &nbsp; C\u00e9gjegyz\u00e9ksz\u00e1m: 04-10-001543 Ad\u00f3sz\u00e1m: 11863557204 Alap\u00edt\u00e1s d\u00e1tuma: 1999.04.10 F\u0151tev\u00e9kenys\u00e9g: Lak\u00f3- \u00e9s nem lak\u00f3 \u00e9p\u00fclet \u00e9p\u00edt\u00e9se<\/p>\n","protected":false},"author":1,"featured_media":112,"parent":0,"menu_order":0,"comment_status":"closed","ping_status":"closed","template":"","meta":{"footnotes":""},"class_list":["post-62","page","type-page","status-publish","has-post-thumbnail","hentry"],"_links":{"self":[{"href":"http:\/\/integralepito.hu\/index.php\/wp-json\/wp\/v2\/pages\/62","targetHints":{"allow":["GET"]}}],"collection":[{"href":"http:\/\/integralepito.hu\/index.php\/wp-json\/wp\/v2\/pages"}],"about":[{"href":"http:\/\/integralepito.hu\/index.php\/wp-json\/wp\/v2\/types\/page"}],"author":[{"embeddable":true,"href":"http:\/\/integralepito.hu\/index.php\/wp-json\/wp\/v2\/users\/1"}],"replies":[{"embeddable":true,"href":"http:\/\/integralepito.hu\/index.php\/wp-json\/wp\/v2\/comments?post=62"}],"version-history":[{"count":9,"href":"http:\/\/integralepito.hu\/index.php\/wp-json\/wp\/v2\/pages\/62\/revisions"}],"predecessor-version":[{"id":2411,"href":"http:\/\/integralepito.hu\/index.php\/wp-json\/wp\/v2\/pages\/62\/revisions\/2411"}],"wp:featuredmedia":[{"embeddable":true,"href":"http:\/\/integralepito.hu\/index.php\/wp-json\/wp\/v2\/media\/112"}],"wp:attachment":[{"href":"http:\/\/integralepito.hu\/index.php\/wp-json\/wp\/v2\/media?parent=62"}],"curies":[{"name":"wp","href":"https:\/\/api.w.org\/{rel}","templated":true}]}}