{"id":596,"date":"2019-01-13T22:36:05","date_gmt":"2019-01-13T22:36:05","guid":{"rendered":"http:\/\/integralepito.web2.vhost.hu\/?page_id=596"},"modified":"2024-11-03T17:34:55","modified_gmt":"2024-11-03T17:34:55","slug":"2018-2","status":"publish","type":"page","link":"http:\/\/integralepito.hu\/index.php\/referenciak\/2018-2\/","title":{"rendered":"2018"},"content":{"rendered":"\n<figure data-wp-context=\"{&quot;imageId&quot;:&quot;69f3152ab18d8&quot;}\" data-wp-interactive=\"core\/image\" data-wp-key=\"69f3152ab18d8\" class=\"wp-block-image wp-lightbox-container\"><img fetchpriority=\"high\" decoding=\"async\" width=\"920\" height=\"554\" data-wp-class--hide=\"state.isContentHidden\" data-wp-class--show=\"state.isContentVisible\" data-wp-init=\"callbacks.setButtonStyles\" data-wp-on--click=\"actions.showLightbox\" data-wp-on--load=\"callbacks.setButtonStyles\" data-wp-on-window--resize=\"callbacks.setButtonStyles\" src=\"http:\/\/integralepito.hu\/wp-content\/uploads\/2022\/10\/108Szentes-h\u00edd3.jpg\" alt=\"\" class=\"wp-image-1848\" srcset=\"http:\/\/integralepito.hu\/wp-content\/uploads\/2022\/10\/108Szentes-h\u00edd3.jpg 920w, http:\/\/integralepito.hu\/wp-content\/uploads\/2022\/10\/108Szentes-h\u00edd3-300x181.jpg 300w, http:\/\/integralepito.hu\/wp-content\/uploads\/2022\/10\/108Szentes-h\u00edd3-768x462.jpg 768w\" sizes=\"(max-width: 920px) 100vw, 920px\" \/><button\n\t\t\tclass=\"lightbox-trigger\"\n\t\t\ttype=\"button\"\n\t\t\taria-haspopup=\"dialog\"\n\t\t\taria-label=\"Nagy\u00edt\u00e1s\"\n\t\t\tdata-wp-init=\"callbacks.initTriggerButton\"\n\t\t\tdata-wp-on--click=\"actions.showLightbox\"\n\t\t\tdata-wp-style--right=\"state.imageButtonRight\"\n\t\t\tdata-wp-style--top=\"state.imageButtonTop\"\n\t\t>\n\t\t\t<svg xmlns=\"http:\/\/www.w3.org\/2000\/svg\" width=\"12\" height=\"12\" fill=\"none\" viewBox=\"0 0 12 12\">\n\t\t\t\t<path fill=\"#fff\" d=\"M2 0a2 2 0 0 0-2 2v2h1.5V2a.5.5 0 0 1 .5-.5h2V0H2Zm2 10.5H2a.5.5 0 0 1-.5-.5V8H0v2a2 2 0 0 0 2 2h2v-1.5ZM8 12v-1.5h2a.5.5 0 0 0 .5-.5V8H12v2a2 2 0 0 1-2 2H8Zm2-12a2 2 0 0 1 2 2v2h-1.5V2a.5.5 0 0 0-.5-.5H8V0h2Z\" \/>\n\t\t\t<\/svg>\n\t\t<\/button><figcaption class=\"wp-element-caption\">Szentes Fah\u00edd \u00e9p\u00edt\u00e9se<br><br><\/figcaption><\/figure>\n\n\n\n<figure data-wp-context=\"{&quot;imageId&quot;:&quot;69f3152ab20d4&quot;}\" data-wp-interactive=\"core\/image\" data-wp-key=\"69f3152ab20d4\" class=\"wp-block-image wp-lightbox-container\"><img decoding=\"async\" width=\"1024\" height=\"768\" data-wp-class--hide=\"state.isContentHidden\" data-wp-class--show=\"state.isContentVisible\" data-wp-init=\"callbacks.setButtonStyles\" data-wp-on--click=\"actions.showLightbox\" data-wp-on--load=\"callbacks.setButtonStyles\" data-wp-on-window--resize=\"callbacks.setButtonStyles\" src=\"http:\/\/integralepito.hu\/wp-content\/uploads\/2022\/10\/Szentes-Smogyi-1024x768.jpg\" alt=\"\" class=\"wp-image-1853\" srcset=\"http:\/\/integralepito.hu\/wp-content\/uploads\/2022\/10\/Szentes-Smogyi-1024x768.jpg 1024w, http:\/\/integralepito.hu\/wp-content\/uploads\/2022\/10\/Szentes-Smogyi-300x225.jpg 300w, http:\/\/integralepito.hu\/wp-content\/uploads\/2022\/10\/Szentes-Smogyi-768x576.jpg 768w\" sizes=\"(max-width: 1024px) 100vw, 1024px\" \/><button\n\t\t\tclass=\"lightbox-trigger\"\n\t\t\ttype=\"button\"\n\t\t\taria-haspopup=\"dialog\"\n\t\t\taria-label=\"Nagy\u00edt\u00e1s\"\n\t\t\tdata-wp-init=\"callbacks.initTriggerButton\"\n\t\t\tdata-wp-on--click=\"actions.showLightbox\"\n\t\t\tdata-wp-style--right=\"state.imageButtonRight\"\n\t\t\tdata-wp-style--top=\"state.imageButtonTop\"\n\t\t>\n\t\t\t<svg xmlns=\"http:\/\/www.w3.org\/2000\/svg\" width=\"12\" height=\"12\" fill=\"none\" viewBox=\"0 0 12 12\">\n\t\t\t\t<path fill=\"#fff\" d=\"M2 0a2 2 0 0 0-2 2v2h1.5V2a.5.5 0 0 1 .5-.5h2V0H2Zm2 10.5H2a.5.5 0 0 1-.5-.5V8H0v2a2 2 0 0 0 2 2h2v-1.5ZM8 12v-1.5h2a.5.5 0 0 0 .5-.5V8H12v2a2 2 0 0 1-2 2H8Zm2-12a2 2 0 0 1 2 2v2h-1.5V2a.5.5 0 0 0-.5-.5H8V0h2Z\" \/>\n\t\t\t<\/svg>\n\t\t<\/button><figcaption class=\"wp-element-caption\">Szentes , Somogyi utcai k\u00f6zpark<\/figcaption><\/figure>\n\n\n\n<figure data-wp-context=\"{&quot;imageId&quot;:&quot;69f3152ab278f&quot;}\" data-wp-interactive=\"core\/image\" data-wp-key=\"69f3152ab278f\" class=\"wp-block-image wp-lightbox-container\"><img decoding=\"async\" width=\"1024\" height=\"768\" data-wp-class--hide=\"state.isContentHidden\" data-wp-class--show=\"state.isContentVisible\" data-wp-init=\"callbacks.setButtonStyles\" data-wp-on--click=\"actions.showLightbox\" data-wp-on--load=\"callbacks.setButtonStyles\" data-wp-on-window--resize=\"callbacks.setButtonStyles\" src=\"http:\/\/integralepito.hu\/wp-content\/uploads\/2022\/10\/102Vad\u00e1szh\u00e1z-1024x768.jpg\" alt=\"\" class=\"wp-image-1849\" srcset=\"http:\/\/integralepito.hu\/wp-content\/uploads\/2022\/10\/102Vad\u00e1szh\u00e1z-1024x768.jpg 1024w, http:\/\/integralepito.hu\/wp-content\/uploads\/2022\/10\/102Vad\u00e1szh\u00e1z-300x225.jpg 300w, http:\/\/integralepito.hu\/wp-content\/uploads\/2022\/10\/102Vad\u00e1szh\u00e1z-768x576.jpg 768w, http:\/\/integralepito.hu\/wp-content\/uploads\/2022\/10\/102Vad\u00e1szh\u00e1z.jpg 2016w\" sizes=\"(max-width: 1024px) 100vw, 1024px\" \/><button\n\t\t\tclass=\"lightbox-trigger\"\n\t\t\ttype=\"button\"\n\t\t\taria-haspopup=\"dialog\"\n\t\t\taria-label=\"Nagy\u00edt\u00e1s\"\n\t\t\tdata-wp-init=\"callbacks.initTriggerButton\"\n\t\t\tdata-wp-on--click=\"actions.showLightbox\"\n\t\t\tdata-wp-style--right=\"state.imageButtonRight\"\n\t\t\tdata-wp-style--top=\"state.imageButtonTop\"\n\t\t>\n\t\t\t<svg xmlns=\"http:\/\/www.w3.org\/2000\/svg\" width=\"12\" height=\"12\" fill=\"none\" viewBox=\"0 0 12 12\">\n\t\t\t\t<path fill=\"#fff\" d=\"M2 0a2 2 0 0 0-2 2v2h1.5V2a.5.5 0 0 1 .5-.5h2V0H2Zm2 10.5H2a.5.5 0 0 1-.5-.5V8H0v2a2 2 0 0 0 2 2h2v-1.5ZM8 12v-1.5h2a.5.5 0 0 0 .5-.5V8H12v2a2 2 0 0 1-2 2H8Zm2-12a2 2 0 0 1 2 2v2h-1.5V2a.5.5 0 0 0-.5-.5H8V0h2Z\" \/>\n\t\t\t<\/svg>\n\t\t<\/button><figcaption class=\"wp-element-caption\">Karcag Apav\u00e1ra vad\u00e1szh\u00e1z \u00e9p\u00edt\u00e9se<\/figcaption><\/figure>\n\n\n\n<figure data-wp-context=\"{&quot;imageId&quot;:&quot;69f3152ab2ca7&quot;}\" data-wp-interactive=\"core\/image\" data-wp-key=\"69f3152ab2ca7\" class=\"wp-block-image wp-lightbox-container\"><img loading=\"lazy\" decoding=\"async\" width=\"1024\" height=\"682\" data-wp-class--hide=\"state.isContentHidden\" data-wp-class--show=\"state.isContentVisible\" data-wp-init=\"callbacks.setButtonStyles\" data-wp-on--click=\"actions.showLightbox\" data-wp-on--load=\"callbacks.setButtonStyles\" data-wp-on-window--resize=\"callbacks.setButtonStyles\" src=\"http:\/\/integralepito.hu\/wp-content\/uploads\/2022\/10\/109tessedik-samuel-muzeum-homlokzata-1-1024x682.jpg\" alt=\"\" class=\"wp-image-1850\" srcset=\"http:\/\/integralepito.hu\/wp-content\/uploads\/2022\/10\/109tessedik-samuel-muzeum-homlokzata-1-1024x682.jpg 1024w, http:\/\/integralepito.hu\/wp-content\/uploads\/2022\/10\/109tessedik-samuel-muzeum-homlokzata-1-300x200.jpg 300w, http:\/\/integralepito.hu\/wp-content\/uploads\/2022\/10\/109tessedik-samuel-muzeum-homlokzata-1-768x512.jpg 768w, http:\/\/integralepito.hu\/wp-content\/uploads\/2022\/10\/109tessedik-samuel-muzeum-homlokzata-1.jpg 2048w\" sizes=\"(max-width: 1024px) 100vw, 1024px\" \/><button\n\t\t\tclass=\"lightbox-trigger\"\n\t\t\ttype=\"button\"\n\t\t\taria-haspopup=\"dialog\"\n\t\t\taria-label=\"Nagy\u00edt\u00e1s\"\n\t\t\tdata-wp-init=\"callbacks.initTriggerButton\"\n\t\t\tdata-wp-on--click=\"actions.showLightbox\"\n\t\t\tdata-wp-style--right=\"state.imageButtonRight\"\n\t\t\tdata-wp-style--top=\"state.imageButtonTop\"\n\t\t>\n\t\t\t<svg xmlns=\"http:\/\/www.w3.org\/2000\/svg\" width=\"12\" height=\"12\" fill=\"none\" viewBox=\"0 0 12 12\">\n\t\t\t\t<path fill=\"#fff\" d=\"M2 0a2 2 0 0 0-2 2v2h1.5V2a.5.5 0 0 1 .5-.5h2V0H2Zm2 10.5H2a.5.5 0 0 1-.5-.5V8H0v2a2 2 0 0 0 2 2h2v-1.5ZM8 12v-1.5h2a.5.5 0 0 0 .5-.5V8H12v2a2 2 0 0 1-2 2H8Zm2-12a2 2 0 0 1 2 2v2h-1.5V2a.5.5 0 0 0-.5-.5H8V0h2Z\" \/>\n\t\t\t<\/svg>\n\t\t<\/button><figcaption class=\"wp-element-caption\">Szarvas Tessedik M\u00fazeum m\u0171eml\u00e9ki fel\u00faj\u00edt\u00e1sa<\/figcaption><\/figure>\n\n\n\n<figure data-wp-context=\"{&quot;imageId&quot;:&quot;69f3152ab3218&quot;}\" data-wp-interactive=\"core\/image\" data-wp-key=\"69f3152ab3218\" class=\"wp-block-image wp-lightbox-container\"><img loading=\"lazy\" decoding=\"async\" width=\"640\" height=\"360\" data-wp-class--hide=\"state.isContentHidden\" data-wp-class--show=\"state.isContentVisible\" data-wp-init=\"callbacks.setButtonStyles\" data-wp-on--click=\"actions.showLightbox\" data-wp-on--load=\"callbacks.setButtonStyles\" data-wp-on-window--resize=\"callbacks.setButtonStyles\" src=\"http:\/\/integralepito.hu\/wp-content\/uploads\/2022\/10\/Cs\u00e9vharaszti.jpg\" alt=\"\" class=\"wp-image-1856\" srcset=\"http:\/\/integralepito.hu\/wp-content\/uploads\/2022\/10\/Cs\u00e9vharaszti.jpg 640w, http:\/\/integralepito.hu\/wp-content\/uploads\/2022\/10\/Cs\u00e9vharaszti-300x169.jpg 300w\" sizes=\"(max-width: 640px) 100vw, 640px\" \/><button\n\t\t\tclass=\"lightbox-trigger\"\n\t\t\ttype=\"button\"\n\t\t\taria-haspopup=\"dialog\"\n\t\t\taria-label=\"Nagy\u00edt\u00e1s\"\n\t\t\tdata-wp-init=\"callbacks.initTriggerButton\"\n\t\t\tdata-wp-on--click=\"actions.showLightbox\"\n\t\t\tdata-wp-style--right=\"state.imageButtonRight\"\n\t\t\tdata-wp-style--top=\"state.imageButtonTop\"\n\t\t>\n\t\t\t<svg xmlns=\"http:\/\/www.w3.org\/2000\/svg\" width=\"12\" height=\"12\" fill=\"none\" viewBox=\"0 0 12 12\">\n\t\t\t\t<path fill=\"#fff\" d=\"M2 0a2 2 0 0 0-2 2v2h1.5V2a.5.5 0 0 1 .5-.5h2V0H2Zm2 10.5H2a.5.5 0 0 1-.5-.5V8H0v2a2 2 0 0 0 2 2h2v-1.5ZM8 12v-1.5h2a.5.5 0 0 0 .5-.5V8H12v2a2 2 0 0 1-2 2H8Zm2-12a2 2 0 0 1 2 2v2h-1.5V2a.5.5 0 0 0-.5-.5H8V0h2Z\" \/>\n\t\t\t<\/svg>\n\t\t<\/button><figcaption class=\"wp-element-caption\">Cs\u00e9vharaszti erdei pihen\u0151<\/figcaption><\/figure>\n","protected":false},"excerpt":{"rendered":"","protected":false},"author":1,"featured_media":0,"parent":27,"menu_order":0,"comment_status":"closed","ping_status":"closed","template":"","meta":{"footnotes":""},"class_list":["post-596","page","type-page","status-publish","hentry"],"_links":{"self":[{"href":"http:\/\/integralepito.hu\/index.php\/wp-json\/wp\/v2\/pages\/596","targetHints":{"allow":["GET"]}}],"collection":[{"href":"http:\/\/integralepito.hu\/index.php\/wp-json\/wp\/v2\/pages"}],"about":[{"href":"http:\/\/integralepito.hu\/index.php\/wp-json\/wp\/v2\/types\/page"}],"author":[{"embeddable":true,"href":"http:\/\/integralepito.hu\/index.php\/wp-json\/wp\/v2\/users\/1"}],"replies":[{"embeddable":true,"href":"http:\/\/integralepito.hu\/index.php\/wp-json\/wp\/v2\/comments?post=596"}],"version-history":[{"count":20,"href":"http:\/\/integralepito.hu\/index.php\/wp-json\/wp\/v2\/pages\/596\/revisions"}],"predecessor-version":[{"id":2245,"href":"http:\/\/integralepito.hu\/index.php\/wp-json\/wp\/v2\/pages\/596\/revisions\/2245"}],"up":[{"embeddable":true,"href":"http:\/\/integralepito.hu\/index.php\/wp-json\/wp\/v2\/pages\/27"}],"wp:attachment":[{"href":"http:\/\/integralepito.hu\/index.php\/wp-json\/wp\/v2\/media?parent=596"}],"curies":[{"name":"wp","href":"https:\/\/api.w.org\/{rel}","templated":true}]}}