{"id":2109,"date":"2024-11-02T17:33:53","date_gmt":"2024-11-02T17:33:53","guid":{"rendered":"http:\/\/integralepito.hu\/?page_id=2109"},"modified":"2024-11-05T21:23:05","modified_gmt":"2024-11-05T21:23:05","slug":"2022-2","status":"publish","type":"page","link":"http:\/\/integralepito.hu\/index.php\/2022-2\/","title":{"rendered":"2022"},"content":{"rendered":"\n<figure class=\"wp-block-gallery has-nested-images columns-default is-cropped wp-block-gallery-1 is-layout-flex wp-block-gallery-is-layout-flex\">\n<figure data-wp-context=\"{&quot;imageId&quot;:&quot;69f43fa04ebf5&quot;}\" data-wp-interactive=\"core\/image\" data-wp-key=\"69f43fa04ebf5\" class=\"wp-block-image size-large wp-lightbox-container\"><img fetchpriority=\"high\" decoding=\"async\" width=\"1024\" height=\"768\" data-wp-class--hide=\"state.isContentHidden\" data-wp-class--show=\"state.isContentVisible\" data-wp-init=\"callbacks.setButtonStyles\" data-wp-on--click=\"actions.showLightbox\" data-wp-on--load=\"callbacks.setButtonStyles\" data-wp-on-window--resize=\"callbacks.setButtonStyles\" data-id=\"2110\" src=\"http:\/\/integralepito.hu\/wp-content\/uploads\/2024\/11\/Szentespiac-1024x768.jpg\" alt=\"\" class=\"wp-image-2110\" srcset=\"http:\/\/integralepito.hu\/wp-content\/uploads\/2024\/11\/Szentespiac-1024x768.jpg 1024w, http:\/\/integralepito.hu\/wp-content\/uploads\/2024\/11\/Szentespiac-300x225.jpg 300w, http:\/\/integralepito.hu\/wp-content\/uploads\/2024\/11\/Szentespiac-768x576.jpg 768w, http:\/\/integralepito.hu\/wp-content\/uploads\/2024\/11\/Szentespiac-1536x1152.jpg 1536w, http:\/\/integralepito.hu\/wp-content\/uploads\/2024\/11\/Szentespiac-2048x1536.jpg 2048w\" sizes=\"(max-width: 1024px) 100vw, 1024px\" \/><button\n\t\t\tclass=\"lightbox-trigger\"\n\t\t\ttype=\"button\"\n\t\t\taria-haspopup=\"dialog\"\n\t\t\taria-label=\"Nagy\u00edt\u00e1s\"\n\t\t\tdata-wp-init=\"callbacks.initTriggerButton\"\n\t\t\tdata-wp-on--click=\"actions.showLightbox\"\n\t\t\tdata-wp-style--right=\"state.imageButtonRight\"\n\t\t\tdata-wp-style--top=\"state.imageButtonTop\"\n\t\t>\n\t\t\t<svg xmlns=\"http:\/\/www.w3.org\/2000\/svg\" width=\"12\" height=\"12\" fill=\"none\" viewBox=\"0 0 12 12\">\n\t\t\t\t<path fill=\"#fff\" d=\"M2 0a2 2 0 0 0-2 2v2h1.5V2a.5.5 0 0 1 .5-.5h2V0H2Zm2 10.5H2a.5.5 0 0 1-.5-.5V8H0v2a2 2 0 0 0 2 2h2v-1.5ZM8 12v-1.5h2a.5.5 0 0 0 .5-.5V8H12v2a2 2 0 0 1-2 2H8Zm2-12a2 2 0 0 1 2 2v2h-1.5V2a.5.5 0 0 0-.5-.5H8V0h2Z\" \/>\n\t\t\t<\/svg>\n\t\t<\/button><\/figure>\n\n\n\n<figure data-wp-context=\"{&quot;imageId&quot;:&quot;69f43fa04efe8&quot;}\" data-wp-interactive=\"core\/image\" data-wp-key=\"69f43fa04efe8\" class=\"wp-block-image size-large wp-lightbox-container\"><img decoding=\"async\" width=\"1024\" height=\"768\" data-wp-class--hide=\"state.isContentHidden\" data-wp-class--show=\"state.isContentVisible\" data-wp-init=\"callbacks.setButtonStyles\" data-wp-on--click=\"actions.showLightbox\" data-wp-on--load=\"callbacks.setButtonStyles\" data-wp-on-window--resize=\"callbacks.setButtonStyles\" data-id=\"2134\" src=\"http:\/\/integralepito.hu\/wp-content\/uploads\/2024\/11\/Szentesspiac-1024x768.jpg\" alt=\"\" class=\"wp-image-2134\" srcset=\"http:\/\/integralepito.hu\/wp-content\/uploads\/2024\/11\/Szentesspiac-1024x768.jpg 1024w, http:\/\/integralepito.hu\/wp-content\/uploads\/2024\/11\/Szentesspiac-300x225.jpg 300w, http:\/\/integralepito.hu\/wp-content\/uploads\/2024\/11\/Szentesspiac-768x576.jpg 768w, http:\/\/integralepito.hu\/wp-content\/uploads\/2024\/11\/Szentesspiac-1536x1152.jpg 1536w, http:\/\/integralepito.hu\/wp-content\/uploads\/2024\/11\/Szentesspiac-2048x1536.jpg 2048w\" sizes=\"(max-width: 1024px) 100vw, 1024px\" \/><button\n\t\t\tclass=\"lightbox-trigger\"\n\t\t\ttype=\"button\"\n\t\t\taria-haspopup=\"dialog\"\n\t\t\taria-label=\"Nagy\u00edt\u00e1s\"\n\t\t\tdata-wp-init=\"callbacks.initTriggerButton\"\n\t\t\tdata-wp-on--click=\"actions.showLightbox\"\n\t\t\tdata-wp-style--right=\"state.imageButtonRight\"\n\t\t\tdata-wp-style--top=\"state.imageButtonTop\"\n\t\t>\n\t\t\t<svg xmlns=\"http:\/\/www.w3.org\/2000\/svg\" width=\"12\" height=\"12\" fill=\"none\" viewBox=\"0 0 12 12\">\n\t\t\t\t<path fill=\"#fff\" d=\"M2 0a2 2 0 0 0-2 2v2h1.5V2a.5.5 0 0 1 .5-.5h2V0H2Zm2 10.5H2a.5.5 0 0 1-.5-.5V8H0v2a2 2 0 0 0 2 2h2v-1.5ZM8 12v-1.5h2a.5.5 0 0 0 .5-.5V8H12v2a2 2 0 0 1-2 2H8Zm2-12a2 2 0 0 1 2 2v2h-1.5V2a.5.5 0 0 0-.5-.5H8V0h2Z\" \/>\n\t\t\t<\/svg>\n\t\t<\/button><\/figure>\n<figcaption class=\"blocks-gallery-caption wp-element-caption\"><strong>Szentes V\u00e1rosi Piac\u00e9p\u00fclet \u00e9p\u00edt\u00e9se<\/strong><\/figcaption><\/figure>\n\n\n\n<figure class=\"wp-block-gallery has-nested-images columns-default is-cropped wp-block-gallery-2 is-layout-flex wp-block-gallery-is-layout-flex\">\n<figure data-wp-context=\"{&quot;imageId&quot;:&quot;69f43fa04fb0d&quot;}\" data-wp-interactive=\"core\/image\" data-wp-key=\"69f43fa04fb0d\" class=\"wp-block-image size-large wp-lightbox-container\"><img decoding=\"async\" width=\"1024\" height=\"768\" data-wp-class--hide=\"state.isContentHidden\" data-wp-class--show=\"state.isContentVisible\" data-wp-init=\"callbacks.setButtonStyles\" data-wp-on--click=\"actions.showLightbox\" data-wp-on--load=\"callbacks.setButtonStyles\" data-wp-on-window--resize=\"callbacks.setButtonStyles\" data-id=\"2111\" src=\"http:\/\/integralepito.hu\/wp-content\/uploads\/2024\/11\/vadker2022-1024x768.jpg\" alt=\"\" class=\"wp-image-2111\" srcset=\"http:\/\/integralepito.hu\/wp-content\/uploads\/2024\/11\/vadker2022-1024x768.jpg 1024w, http:\/\/integralepito.hu\/wp-content\/uploads\/2024\/11\/vadker2022-300x225.jpg 300w, http:\/\/integralepito.hu\/wp-content\/uploads\/2024\/11\/vadker2022-768x576.jpg 768w, http:\/\/integralepito.hu\/wp-content\/uploads\/2024\/11\/vadker2022-1536x1152.jpg 1536w, http:\/\/integralepito.hu\/wp-content\/uploads\/2024\/11\/vadker2022-2048x1536.jpg 2048w\" sizes=\"(max-width: 1024px) 100vw, 1024px\" \/><button\n\t\t\tclass=\"lightbox-trigger\"\n\t\t\ttype=\"button\"\n\t\t\taria-haspopup=\"dialog\"\n\t\t\taria-label=\"Nagy\u00edt\u00e1s\"\n\t\t\tdata-wp-init=\"callbacks.initTriggerButton\"\n\t\t\tdata-wp-on--click=\"actions.showLightbox\"\n\t\t\tdata-wp-style--right=\"state.imageButtonRight\"\n\t\t\tdata-wp-style--top=\"state.imageButtonTop\"\n\t\t>\n\t\t\t<svg xmlns=\"http:\/\/www.w3.org\/2000\/svg\" width=\"12\" height=\"12\" fill=\"none\" viewBox=\"0 0 12 12\">\n\t\t\t\t<path fill=\"#fff\" d=\"M2 0a2 2 0 0 0-2 2v2h1.5V2a.5.5 0 0 1 .5-.5h2V0H2Zm2 10.5H2a.5.5 0 0 1-.5-.5V8H0v2a2 2 0 0 0 2 2h2v-1.5ZM8 12v-1.5h2a.5.5 0 0 0 .5-.5V8H12v2a2 2 0 0 1-2 2H8Zm2-12a2 2 0 0 1 2 2v2h-1.5V2a.5.5 0 0 0-.5-.5H8V0h2Z\" \/>\n\t\t\t<\/svg>\n\t\t<\/button><\/figure>\n<figcaption class=\"blocks-gallery-caption wp-element-caption\"><strong>Szarvas Vadker Zrt. \u00faj vadfeldolgoz\u00f3 \u00fczem<\/strong><\/figcaption><\/figure>\n\n\n\n<figure class=\"wp-block-gallery has-nested-images columns-default is-cropped wp-block-gallery-3 is-layout-flex wp-block-gallery-is-layout-flex\">\n<figure data-wp-context=\"{&quot;imageId&quot;:&quot;69f43fa04ff87&quot;}\" data-wp-interactive=\"core\/image\" data-wp-key=\"69f43fa04ff87\" class=\"wp-block-image size-large wp-lightbox-container\"><img loading=\"lazy\" decoding=\"async\" width=\"1024\" height=\"768\" data-wp-class--hide=\"state.isContentHidden\" data-wp-class--show=\"state.isContentVisible\" data-wp-init=\"callbacks.setButtonStyles\" data-wp-on--click=\"actions.showLightbox\" data-wp-on--load=\"callbacks.setButtonStyles\" data-wp-on-window--resize=\"callbacks.setButtonStyles\" data-id=\"2224\" src=\"http:\/\/integralepito.hu\/wp-content\/uploads\/2024\/11\/IMG_4683-1024x768.jpg\" alt=\"\" class=\"wp-image-2224\" srcset=\"http:\/\/integralepito.hu\/wp-content\/uploads\/2024\/11\/IMG_4683-1024x768.jpg 1024w, http:\/\/integralepito.hu\/wp-content\/uploads\/2024\/11\/IMG_4683-300x225.jpg 300w, http:\/\/integralepito.hu\/wp-content\/uploads\/2024\/11\/IMG_4683-768x576.jpg 768w, http:\/\/integralepito.hu\/wp-content\/uploads\/2024\/11\/IMG_4683-1536x1152.jpg 1536w, http:\/\/integralepito.hu\/wp-content\/uploads\/2024\/11\/IMG_4683-2048x1536.jpg 2048w\" sizes=\"(max-width: 1024px) 100vw, 1024px\" \/><button\n\t\t\tclass=\"lightbox-trigger\"\n\t\t\ttype=\"button\"\n\t\t\taria-haspopup=\"dialog\"\n\t\t\taria-label=\"Nagy\u00edt\u00e1s\"\n\t\t\tdata-wp-init=\"callbacks.initTriggerButton\"\n\t\t\tdata-wp-on--click=\"actions.showLightbox\"\n\t\t\tdata-wp-style--right=\"state.imageButtonRight\"\n\t\t\tdata-wp-style--top=\"state.imageButtonTop\"\n\t\t>\n\t\t\t<svg xmlns=\"http:\/\/www.w3.org\/2000\/svg\" width=\"12\" height=\"12\" fill=\"none\" viewBox=\"0 0 12 12\">\n\t\t\t\t<path fill=\"#fff\" d=\"M2 0a2 2 0 0 0-2 2v2h1.5V2a.5.5 0 0 1 .5-.5h2V0H2Zm2 10.5H2a.5.5 0 0 1-.5-.5V8H0v2a2 2 0 0 0 2 2h2v-1.5ZM8 12v-1.5h2a.5.5 0 0 0 .5-.5V8H12v2a2 2 0 0 1-2 2H8Zm2-12a2 2 0 0 1 2 2v2h-1.5V2a.5.5 0 0 0-.5-.5H8V0h2Z\" \/>\n\t\t\t<\/svg>\n\t\t<\/button><\/figure>\n<figcaption class=\"blocks-gallery-caption wp-element-caption\"><strong>Szarvas Haki MATE iroda\u00e9p\u00fclet \u00e9p\u00edt\u00e9se<\/strong><\/figcaption><\/figure>\n\n\n\n<figure class=\"wp-block-gallery has-nested-images columns-default is-cropped wp-block-gallery-4 is-layout-flex wp-block-gallery-is-layout-flex\">\n<figure data-wp-context=\"{&quot;imageId&quot;:&quot;69f43fa05034a&quot;}\" data-wp-interactive=\"core\/image\" data-wp-key=\"69f43fa05034a\" class=\"wp-block-image size-large wp-lightbox-container\"><img loading=\"lazy\" decoding=\"async\" width=\"1024\" height=\"768\" data-wp-class--hide=\"state.isContentHidden\" data-wp-class--show=\"state.isContentVisible\" data-wp-init=\"callbacks.setButtonStyles\" data-wp-on--click=\"actions.showLightbox\" data-wp-on--load=\"callbacks.setButtonStyles\" data-wp-on-window--resize=\"callbacks.setButtonStyles\" data-id=\"2226\" src=\"http:\/\/integralepito.hu\/wp-content\/uploads\/2024\/11\/IMG_4685-1024x768.jpg\" alt=\"\" class=\"wp-image-2226\" srcset=\"http:\/\/integralepito.hu\/wp-content\/uploads\/2024\/11\/IMG_4685-1024x768.jpg 1024w, http:\/\/integralepito.hu\/wp-content\/uploads\/2024\/11\/IMG_4685-300x225.jpg 300w, http:\/\/integralepito.hu\/wp-content\/uploads\/2024\/11\/IMG_4685-768x576.jpg 768w, http:\/\/integralepito.hu\/wp-content\/uploads\/2024\/11\/IMG_4685-1536x1152.jpg 1536w, http:\/\/integralepito.hu\/wp-content\/uploads\/2024\/11\/IMG_4685-2048x1536.jpg 2048w\" sizes=\"(max-width: 1024px) 100vw, 1024px\" \/><button\n\t\t\tclass=\"lightbox-trigger\"\n\t\t\ttype=\"button\"\n\t\t\taria-haspopup=\"dialog\"\n\t\t\taria-label=\"Nagy\u00edt\u00e1s\"\n\t\t\tdata-wp-init=\"callbacks.initTriggerButton\"\n\t\t\tdata-wp-on--click=\"actions.showLightbox\"\n\t\t\tdata-wp-style--right=\"state.imageButtonRight\"\n\t\t\tdata-wp-style--top=\"state.imageButtonTop\"\n\t\t>\n\t\t\t<svg xmlns=\"http:\/\/www.w3.org\/2000\/svg\" width=\"12\" height=\"12\" fill=\"none\" viewBox=\"0 0 12 12\">\n\t\t\t\t<path fill=\"#fff\" d=\"M2 0a2 2 0 0 0-2 2v2h1.5V2a.5.5 0 0 1 .5-.5h2V0H2Zm2 10.5H2a.5.5 0 0 1-.5-.5V8H0v2a2 2 0 0 0 2 2h2v-1.5ZM8 12v-1.5h2a.5.5 0 0 0 .5-.5V8H12v2a2 2 0 0 1-2 2H8Zm2-12a2 2 0 0 1 2 2v2h-1.5V2a.5.5 0 0 0-.5-.5H8V0h2Z\" \/>\n\t\t\t<\/svg>\n\t\t<\/button><\/figure>\n<figcaption class=\"blocks-gallery-caption wp-element-caption\"><strong>Szarvas Haki-Naik labor \u00e9p\u00fclet energetikai fel\u00faj\u00edt\u00e1sa<\/strong><\/figcaption><\/figure>\n\n\n\n<figure class=\"wp-block-gallery has-nested-images columns-default is-cropped wp-block-gallery-5 is-layout-flex wp-block-gallery-is-layout-flex\">\n<figure data-wp-context=\"{&quot;imageId&quot;:&quot;69f43fa05073f&quot;}\" data-wp-interactive=\"core\/image\" data-wp-key=\"69f43fa05073f\" class=\"wp-block-image size-large wp-lightbox-container\"><img loading=\"lazy\" decoding=\"async\" width=\"1024\" height=\"768\" data-wp-class--hide=\"state.isContentHidden\" data-wp-class--show=\"state.isContentVisible\" data-wp-init=\"callbacks.setButtonStyles\" data-wp-on--click=\"actions.showLightbox\" data-wp-on--load=\"callbacks.setButtonStyles\" data-wp-on-window--resize=\"callbacks.setButtonStyles\" data-id=\"2338\" src=\"http:\/\/integralepito.hu\/wp-content\/uploads\/2024\/11\/IMG_4693-1024x768.jpg\" alt=\"\" class=\"wp-image-2338\" srcset=\"http:\/\/integralepito.hu\/wp-content\/uploads\/2024\/11\/IMG_4693-1024x768.jpg 1024w, http:\/\/integralepito.hu\/wp-content\/uploads\/2024\/11\/IMG_4693-300x225.jpg 300w, http:\/\/integralepito.hu\/wp-content\/uploads\/2024\/11\/IMG_4693-768x576.jpg 768w, http:\/\/integralepito.hu\/wp-content\/uploads\/2024\/11\/IMG_4693-1536x1152.jpg 1536w, http:\/\/integralepito.hu\/wp-content\/uploads\/2024\/11\/IMG_4693-2048x1536.jpg 2048w\" sizes=\"(max-width: 1024px) 100vw, 1024px\" \/><button\n\t\t\tclass=\"lightbox-trigger\"\n\t\t\ttype=\"button\"\n\t\t\taria-haspopup=\"dialog\"\n\t\t\taria-label=\"Nagy\u00edt\u00e1s\"\n\t\t\tdata-wp-init=\"callbacks.initTriggerButton\"\n\t\t\tdata-wp-on--click=\"actions.showLightbox\"\n\t\t\tdata-wp-style--right=\"state.imageButtonRight\"\n\t\t\tdata-wp-style--top=\"state.imageButtonTop\"\n\t\t>\n\t\t\t<svg xmlns=\"http:\/\/www.w3.org\/2000\/svg\" width=\"12\" height=\"12\" fill=\"none\" viewBox=\"0 0 12 12\">\n\t\t\t\t<path fill=\"#fff\" d=\"M2 0a2 2 0 0 0-2 2v2h1.5V2a.5.5 0 0 1 .5-.5h2V0H2Zm2 10.5H2a.5.5 0 0 1-.5-.5V8H0v2a2 2 0 0 0 2 2h2v-1.5ZM8 12v-1.5h2a.5.5 0 0 0 .5-.5V8H12v2a2 2 0 0 1-2 2H8Zm2-12a2 2 0 0 1 2 2v2h-1.5V2a.5.5 0 0 0-.5-.5H8V0h2Z\" \/>\n\t\t\t<\/svg>\n\t\t<\/button><\/figure>\n<figcaption class=\"blocks-gallery-caption wp-element-caption\"><strong>\u00d6cs\u00f6d B\u00f6lcs\u0151de fel\u00faj\u00edt\u00e1sa<\/strong><\/figcaption><\/figure>\n\n\n\n<p><\/p>\n","protected":false},"excerpt":{"rendered":"","protected":false},"author":1,"featured_media":0,"parent":0,"menu_order":0,"comment_status":"closed","ping_status":"closed","template":"","meta":{"footnotes":""},"class_list":["post-2109","page","type-page","status-publish","hentry"],"_links":{"self":[{"href":"http:\/\/integralepito.hu\/index.php\/wp-json\/wp\/v2\/pages\/2109","targetHints":{"allow":["GET"]}}],"collection":[{"href":"http:\/\/integralepito.hu\/index.php\/wp-json\/wp\/v2\/pages"}],"about":[{"href":"http:\/\/integralepito.hu\/index.php\/wp-json\/wp\/v2\/types\/page"}],"author":[{"embeddable":true,"href":"http:\/\/integralepito.hu\/index.php\/wp-json\/wp\/v2\/users\/1"}],"replies":[{"embeddable":true,"href":"http:\/\/integralepito.hu\/index.php\/wp-json\/wp\/v2\/comments?post=2109"}],"version-history":[{"count":11,"href":"http:\/\/integralepito.hu\/index.php\/wp-json\/wp\/v2\/pages\/2109\/revisions"}],"predecessor-version":[{"id":2356,"href":"http:\/\/integralepito.hu\/index.php\/wp-json\/wp\/v2\/pages\/2109\/revisions\/2356"}],"wp:attachment":[{"href":"http:\/\/integralepito.hu\/index.php\/wp-json\/wp\/v2\/media?parent=2109"}],"curies":[{"name":"wp","href":"https:\/\/api.w.org\/{rel}","templated":true}]}}