{"id":1367,"date":"2019-02-14T21:22:16","date_gmt":"2019-02-14T21:22:16","guid":{"rendered":"http:\/\/integralepito.web2.vhost.hu\/?page_id=1367"},"modified":"2024-11-08T12:39:11","modified_gmt":"2024-11-08T12:39:11","slug":"2004-2","status":"publish","type":"page","link":"http:\/\/integralepito.hu\/index.php\/referenciak\/2004-2\/","title":{"rendered":"2004"},"content":{"rendered":"\n<figure class=\"wp-block-gallery has-nested-images columns-default is-cropped wp-block-gallery-1 is-layout-flex wp-block-gallery-is-layout-flex\">\n<figure data-wp-context=\"{&quot;imageId&quot;:&quot;69f43fe894804&quot;}\" data-wp-interactive=\"core\/image\" data-wp-key=\"69f43fe894804\" class=\"wp-block-image wp-lightbox-container\"><img fetchpriority=\"high\" decoding=\"async\" width=\"640\" height=\"271\" data-wp-class--hide=\"state.isContentHidden\" data-wp-class--show=\"state.isContentVisible\" data-wp-init=\"callbacks.setButtonStyles\" data-wp-on--click=\"actions.showLightbox\" data-wp-on--load=\"callbacks.setButtonStyles\" data-wp-on-window--resize=\"callbacks.setButtonStyles\" data-id=\"1699\" src=\"http:\/\/integralepito.hu\/wp-content\/uploads\/2022\/10\/012Haki-agr\u00e1r.jpg\" alt=\"\" class=\"wp-image-1699\" srcset=\"http:\/\/integralepito.hu\/wp-content\/uploads\/2022\/10\/012Haki-agr\u00e1r.jpg 640w, http:\/\/integralepito.hu\/wp-content\/uploads\/2022\/10\/012Haki-agr\u00e1r-300x127.jpg 300w\" sizes=\"(max-width: 640px) 100vw, 640px\" \/><button\n\t\t\tclass=\"lightbox-trigger\"\n\t\t\ttype=\"button\"\n\t\t\taria-haspopup=\"dialog\"\n\t\t\taria-label=\"Nagy\u00edt\u00e1s\"\n\t\t\tdata-wp-init=\"callbacks.initTriggerButton\"\n\t\t\tdata-wp-on--click=\"actions.showLightbox\"\n\t\t\tdata-wp-style--right=\"state.imageButtonRight\"\n\t\t\tdata-wp-style--top=\"state.imageButtonTop\"\n\t\t>\n\t\t\t<svg xmlns=\"http:\/\/www.w3.org\/2000\/svg\" width=\"12\" height=\"12\" fill=\"none\" viewBox=\"0 0 12 12\">\n\t\t\t\t<path fill=\"#fff\" d=\"M2 0a2 2 0 0 0-2 2v2h1.5V2a.5.5 0 0 1 .5-.5h2V0H2Zm2 10.5H2a.5.5 0 0 1-.5-.5V8H0v2a2 2 0 0 0 2 2h2v-1.5ZM8 12v-1.5h2a.5.5 0 0 0 .5-.5V8H12v2a2 2 0 0 1-2 2H8Zm2-12a2 2 0 0 1 2 2v2h-1.5V2a.5.5 0 0 0-.5-.5H8V0h2Z\" \/>\n\t\t\t<\/svg>\n\t\t<\/button><figcaption class=\"wp-element-caption\"> <br><\/figcaption><\/figure>\n<figcaption class=\"blocks-gallery-caption wp-element-caption\"><strong><a href=\"http:\/\/integralepito.hu\/index.php\/2000-2\/\">HAKI Szarvas, Agr\u00e1r-v\u00edzgazd\u00e1lkod\u00e1si Innov\u00e1ci\u00f3s K\u00f6zpont (PHARE)<\/a> <\/strong><\/figcaption><\/figure>\n\n\n<div class=\"wp-block-image\">\n<figure data-wp-context=\"{&quot;imageId&quot;:&quot;69f43fe895a10&quot;}\" data-wp-interactive=\"core\/image\" data-wp-key=\"69f43fe895a10\" class=\"aligncenter wp-lightbox-container\"><img decoding=\"async\" width=\"1024\" height=\"619\" data-wp-class--hide=\"state.isContentHidden\" data-wp-class--show=\"state.isContentVisible\" data-wp-init=\"callbacks.setButtonStyles\" data-wp-on--click=\"actions.showLightbox\" data-wp-on--load=\"callbacks.setButtonStyles\" data-wp-on-window--resize=\"callbacks.setButtonStyles\" src=\"http:\/\/integralepito.hu\/wp-content\/uploads\/2019\/02\/sportcsarnok-alkotmany-ut-1024x619.jpg\" alt=\"\" class=\"wp-image-1380\" srcset=\"http:\/\/integralepito.hu\/wp-content\/uploads\/2019\/02\/sportcsarnok-alkotmany-ut.jpg 1024w, http:\/\/integralepito.hu\/wp-content\/uploads\/2019\/02\/sportcsarnok-alkotmany-ut-300x181.jpg 300w, http:\/\/integralepito.hu\/wp-content\/uploads\/2019\/02\/sportcsarnok-alkotmany-ut-768x464.jpg 768w\" sizes=\"(max-width: 1024px) 100vw, 1024px\" \/><button\n\t\t\tclass=\"lightbox-trigger\"\n\t\t\ttype=\"button\"\n\t\t\taria-haspopup=\"dialog\"\n\t\t\taria-label=\"Nagy\u00edt\u00e1s\"\n\t\t\tdata-wp-init=\"callbacks.initTriggerButton\"\n\t\t\tdata-wp-on--click=\"actions.showLightbox\"\n\t\t\tdata-wp-style--right=\"state.imageButtonRight\"\n\t\t\tdata-wp-style--top=\"state.imageButtonTop\"\n\t\t>\n\t\t\t<svg xmlns=\"http:\/\/www.w3.org\/2000\/svg\" width=\"12\" height=\"12\" fill=\"none\" viewBox=\"0 0 12 12\">\n\t\t\t\t<path fill=\"#fff\" d=\"M2 0a2 2 0 0 0-2 2v2h1.5V2a.5.5 0 0 1 .5-.5h2V0H2Zm2 10.5H2a.5.5 0 0 1-.5-.5V8H0v2a2 2 0 0 0 2 2h2v-1.5ZM8 12v-1.5h2a.5.5 0 0 0 .5-.5V8H12v2a2 2 0 0 1-2 2H8Zm2-12a2 2 0 0 1 2 2v2h-1.5V2a.5.5 0 0 0-.5-.5H8V0h2Z\" \/>\n\t\t\t<\/svg>\n\t\t<\/button><figcaption class=\"wp-element-caption\"><strong>Szarvas, Alkotm\u00e1ny utcai sportcsarnok<\/strong><\/figcaption><\/figure>\n<\/div>\n\n<div class=\"wp-block-image\">\n<figure data-wp-context=\"{&quot;imageId&quot;:&quot;69f43fe895d8b&quot;}\" data-wp-interactive=\"core\/image\" data-wp-key=\"69f43fe895d8b\" class=\"aligncenter wp-lightbox-container\"><img decoding=\"async\" width=\"1024\" height=\"572\" data-wp-class--hide=\"state.isContentHidden\" data-wp-class--show=\"state.isContentVisible\" data-wp-init=\"callbacks.setButtonStyles\" data-wp-on--click=\"actions.showLightbox\" data-wp-on--load=\"callbacks.setButtonStyles\" data-wp-on-window--resize=\"callbacks.setButtonStyles\" src=\"http:\/\/integralepito.hu\/wp-content\/uploads\/2019\/02\/sportcshatul-1024x572.jpg\" alt=\"\" class=\"wp-image-1382\" srcset=\"http:\/\/integralepito.hu\/wp-content\/uploads\/2019\/02\/sportcshatul-1024x572.jpg 1024w, http:\/\/integralepito.hu\/wp-content\/uploads\/2019\/02\/sportcshatul-300x167.jpg 300w, http:\/\/integralepito.hu\/wp-content\/uploads\/2019\/02\/sportcshatul-768x429.jpg 768w, http:\/\/integralepito.hu\/wp-content\/uploads\/2019\/02\/sportcshatul.jpg 1569w\" sizes=\"(max-width: 1024px) 100vw, 1024px\" \/><button\n\t\t\tclass=\"lightbox-trigger\"\n\t\t\ttype=\"button\"\n\t\t\taria-haspopup=\"dialog\"\n\t\t\taria-label=\"Nagy\u00edt\u00e1s\"\n\t\t\tdata-wp-init=\"callbacks.initTriggerButton\"\n\t\t\tdata-wp-on--click=\"actions.showLightbox\"\n\t\t\tdata-wp-style--right=\"state.imageButtonRight\"\n\t\t\tdata-wp-style--top=\"state.imageButtonTop\"\n\t\t>\n\t\t\t<svg xmlns=\"http:\/\/www.w3.org\/2000\/svg\" width=\"12\" height=\"12\" fill=\"none\" viewBox=\"0 0 12 12\">\n\t\t\t\t<path fill=\"#fff\" d=\"M2 0a2 2 0 0 0-2 2v2h1.5V2a.5.5 0 0 1 .5-.5h2V0H2Zm2 10.5H2a.5.5 0 0 1-.5-.5V8H0v2a2 2 0 0 0 2 2h2v-1.5ZM8 12v-1.5h2a.5.5 0 0 0 .5-.5V8H12v2a2 2 0 0 1-2 2H8Zm2-12a2 2 0 0 1 2 2v2h-1.5V2a.5.5 0 0 0-.5-.5H8V0h2Z\" \/>\n\t\t\t<\/svg>\n\t\t<\/button><figcaption class=\"wp-element-caption\"><strong> <br>Szarvas, Alkotm\u00e1ny utcai sportcsarnok\ufeff<\/strong> <\/figcaption><\/figure>\n<\/div>\n\n<div class=\"wp-block-image\">\n<figure data-wp-context=\"{&quot;imageId&quot;:&quot;69f43fe8960be&quot;}\" data-wp-interactive=\"core\/image\" data-wp-key=\"69f43fe8960be\" class=\"aligncenter is-resized wp-lightbox-container\"><img loading=\"lazy\" decoding=\"async\" width=\"256\" height=\"192\" data-wp-class--hide=\"state.isContentHidden\" data-wp-class--show=\"state.isContentVisible\" data-wp-init=\"callbacks.setButtonStyles\" data-wp-on--click=\"actions.showLightbox\" data-wp-on--load=\"callbacks.setButtonStyles\" data-wp-on-window--resize=\"callbacks.setButtonStyles\" src=\"http:\/\/integralepito.hu\/wp-content\/uploads\/2019\/02\/k_wenkhid.jpg\" alt=\"\" class=\"wp-image-1383\" style=\"aspect-ratio:1.331807780320366;width:837px;height:auto\"\/><button\n\t\t\tclass=\"lightbox-trigger\"\n\t\t\ttype=\"button\"\n\t\t\taria-haspopup=\"dialog\"\n\t\t\taria-label=\"Nagy\u00edt\u00e1s\"\n\t\t\tdata-wp-init=\"callbacks.initTriggerButton\"\n\t\t\tdata-wp-on--click=\"actions.showLightbox\"\n\t\t\tdata-wp-style--right=\"state.imageButtonRight\"\n\t\t\tdata-wp-style--top=\"state.imageButtonTop\"\n\t\t>\n\t\t\t<svg xmlns=\"http:\/\/www.w3.org\/2000\/svg\" width=\"12\" height=\"12\" fill=\"none\" viewBox=\"0 0 12 12\">\n\t\t\t\t<path fill=\"#fff\" d=\"M2 0a2 2 0 0 0-2 2v2h1.5V2a.5.5 0 0 1 .5-.5h2V0H2Zm2 10.5H2a.5.5 0 0 1-.5-.5V8H0v2a2 2 0 0 0 2 2h2v-1.5ZM8 12v-1.5h2a.5.5 0 0 0 .5-.5V8H12v2a2 2 0 0 1-2 2H8Zm2-12a2 2 0 0 1 2 2v2h-1.5V2a.5.5 0 0 0-.5-.5H8V0h2Z\" \/>\n\t\t\t<\/svg>\n\t\t<\/button><figcaption class=\"wp-element-caption\"><strong>Szabadk\u00edgy\u00f3si Wenckheim-kast\u00e9ly \u00f6sszek\u00f6t\u0151h\u00edd fel\u00faj\u00edt\u00e1si munk\u00e1i<\/strong><\/figcaption><\/figure>\n<\/div>\n\n<div class=\"wp-block-image\">\n<figure data-wp-context=\"{&quot;imageId&quot;:&quot;69f43fe8963da&quot;}\" data-wp-interactive=\"core\/image\" data-wp-key=\"69f43fe8963da\" class=\"aligncenter is-resized wp-lightbox-container\"><img loading=\"lazy\" decoding=\"async\" width=\"256\" height=\"192\" data-wp-class--hide=\"state.isContentHidden\" data-wp-class--show=\"state.isContentVisible\" data-wp-init=\"callbacks.setButtonStyles\" data-wp-on--click=\"actions.showLightbox\" data-wp-on--load=\"callbacks.setButtonStyles\" data-wp-on-window--resize=\"callbacks.setButtonStyles\" src=\"http:\/\/integralepito.hu\/wp-content\/uploads\/2019\/02\/k_ez\u00fcstk\u00f6zep.jpg\" alt=\"\" class=\"wp-image-1387\" style=\"aspect-ratio:1.3325635103926097;width:822px;height:auto\"\/><button\n\t\t\tclass=\"lightbox-trigger\"\n\t\t\ttype=\"button\"\n\t\t\taria-haspopup=\"dialog\"\n\t\t\taria-label=\"Nagy\u00edt\u00e1s\"\n\t\t\tdata-wp-init=\"callbacks.initTriggerButton\"\n\t\t\tdata-wp-on--click=\"actions.showLightbox\"\n\t\t\tdata-wp-style--right=\"state.imageButtonRight\"\n\t\t\tdata-wp-style--top=\"state.imageButtonTop\"\n\t\t>\n\t\t\t<svg xmlns=\"http:\/\/www.w3.org\/2000\/svg\" width=\"12\" height=\"12\" fill=\"none\" viewBox=\"0 0 12 12\">\n\t\t\t\t<path fill=\"#fff\" d=\"M2 0a2 2 0 0 0-2 2v2h1.5V2a.5.5 0 0 1 .5-.5h2V0H2Zm2 10.5H2a.5.5 0 0 1-.5-.5V8H0v2a2 2 0 0 0 2 2h2v-1.5ZM8 12v-1.5h2a.5.5 0 0 0 .5-.5V8H12v2a2 2 0 0 1-2 2H8Zm2-12a2 2 0 0 1 2 2v2h-1.5V2a.5.5 0 0 0-.5-.5H8V0h2Z\" \/>\n\t\t\t<\/svg>\n\t\t<\/button><figcaption class=\"wp-element-caption\"><strong>Szarvas, SAPARD utak: Ez\u00fcstsz\u0151l\u0151 II. sori, III. sori \u00e9s \u00e9szaki \u00f6sszek\u00f6t\u0151 sori, valamint Szivornya-sori \u00fat\u00e9p\u00edt\u00e9s<\/strong><\/figcaption><\/figure>\n<\/div>\n\n<div class=\"wp-block-image\">\n<figure data-wp-context=\"{&quot;imageId&quot;:&quot;69f43fe896712&quot;}\" data-wp-interactive=\"core\/image\" data-wp-key=\"69f43fe896712\" class=\"aligncenter is-resized wp-lightbox-container\"><img loading=\"lazy\" decoding=\"async\" width=\"640\" height=\"356\" data-wp-class--hide=\"state.isContentHidden\" data-wp-class--show=\"state.isContentVisible\" data-wp-init=\"callbacks.setButtonStyles\" data-wp-on--click=\"actions.showLightbox\" data-wp-on--load=\"callbacks.setButtonStyles\" data-wp-on-window--resize=\"callbacks.setButtonStyles\" src=\"http:\/\/integralepito.hu\/wp-content\/uploads\/2019\/02\/21.jpg\" alt=\"\" class=\"wp-image-1388\" style=\"width:843px;height:auto\" srcset=\"http:\/\/integralepito.hu\/wp-content\/uploads\/2019\/02\/21.jpg 640w, http:\/\/integralepito.hu\/wp-content\/uploads\/2019\/02\/21-300x167.jpg 300w, http:\/\/integralepito.hu\/wp-content\/uploads\/2019\/02\/21-540x300.jpg 540w\" sizes=\"(max-width: 640px) 100vw, 640px\" \/><button\n\t\t\tclass=\"lightbox-trigger\"\n\t\t\ttype=\"button\"\n\t\t\taria-haspopup=\"dialog\"\n\t\t\taria-label=\"Nagy\u00edt\u00e1s\"\n\t\t\tdata-wp-init=\"callbacks.initTriggerButton\"\n\t\t\tdata-wp-on--click=\"actions.showLightbox\"\n\t\t\tdata-wp-style--right=\"state.imageButtonRight\"\n\t\t\tdata-wp-style--top=\"state.imageButtonTop\"\n\t\t>\n\t\t\t<svg xmlns=\"http:\/\/www.w3.org\/2000\/svg\" width=\"12\" height=\"12\" fill=\"none\" viewBox=\"0 0 12 12\">\n\t\t\t\t<path fill=\"#fff\" d=\"M2 0a2 2 0 0 0-2 2v2h1.5V2a.5.5 0 0 1 .5-.5h2V0H2Zm2 10.5H2a.5.5 0 0 1-.5-.5V8H0v2a2 2 0 0 0 2 2h2v-1.5ZM8 12v-1.5h2a.5.5 0 0 0 .5-.5V8H12v2a2 2 0 0 1-2 2H8Zm2-12a2 2 0 0 1 2 2v2h-1.5V2a.5.5 0 0 0-.5-.5H8V0h2Z\" \/>\n\t\t\t<\/svg>\n\t\t<\/button><figcaption class=\"wp-element-caption\"><strong>Szarvas, Szentesi \u00fati lak\u00f3park v\u00e1llalkoz\u00f3i alap\u00fa els\u0151 20 lak\u00e1sa<\/strong><\/figcaption><\/figure>\n<\/div>\n\n<div class=\"wp-block-image\">\n<figure data-wp-context=\"{&quot;imageId&quot;:&quot;69f43fe896a5d&quot;}\" data-wp-interactive=\"core\/image\" data-wp-key=\"69f43fe896a5d\" class=\"aligncenter wp-lightbox-container\"><img loading=\"lazy\" decoding=\"async\" width=\"1024\" height=\"768\" data-wp-class--hide=\"state.isContentHidden\" data-wp-class--show=\"state.isContentVisible\" data-wp-init=\"callbacks.setButtonStyles\" data-wp-on--click=\"actions.showLightbox\" data-wp-on--load=\"callbacks.setButtonStyles\" data-wp-on-window--resize=\"callbacks.setButtonStyles\" src=\"http:\/\/integralepito.hu\/wp-content\/uploads\/2019\/02\/Gyulakast-1024x768.jpg\" alt=\"\" class=\"wp-image-1392\" srcset=\"http:\/\/integralepito.hu\/wp-content\/uploads\/2019\/02\/Gyulakast-1024x768.jpg 1024w, http:\/\/integralepito.hu\/wp-content\/uploads\/2019\/02\/Gyulakast-300x225.jpg 300w, http:\/\/integralepito.hu\/wp-content\/uploads\/2019\/02\/Gyulakast-768x576.jpg 768w, http:\/\/integralepito.hu\/wp-content\/uploads\/2019\/02\/Gyulakast.jpg 1600w\" sizes=\"(max-width: 1024px) 100vw, 1024px\" \/><button\n\t\t\tclass=\"lightbox-trigger\"\n\t\t\ttype=\"button\"\n\t\t\taria-haspopup=\"dialog\"\n\t\t\taria-label=\"Nagy\u00edt\u00e1s\"\n\t\t\tdata-wp-init=\"callbacks.initTriggerButton\"\n\t\t\tdata-wp-on--click=\"actions.showLightbox\"\n\t\t\tdata-wp-style--right=\"state.imageButtonRight\"\n\t\t\tdata-wp-style--top=\"state.imageButtonTop\"\n\t\t>\n\t\t\t<svg xmlns=\"http:\/\/www.w3.org\/2000\/svg\" width=\"12\" height=\"12\" fill=\"none\" viewBox=\"0 0 12 12\">\n\t\t\t\t<path fill=\"#fff\" d=\"M2 0a2 2 0 0 0-2 2v2h1.5V2a.5.5 0 0 1 .5-.5h2V0H2Zm2 10.5H2a.5.5 0 0 1-.5-.5V8H0v2a2 2 0 0 0 2 2h2v-1.5ZM8 12v-1.5h2a.5.5 0 0 0 .5-.5V8H12v2a2 2 0 0 1-2 2H8Zm2-12a2 2 0 0 1 2 2v2h-1.5V2a.5.5 0 0 0-.5-.5H8V0h2Z\" \/>\n\t\t\t<\/svg>\n\t\t<\/button><figcaption class=\"wp-element-caption\"><strong>Gyulai Alm\u00e1sy-Kast\u00e9ly v\u00edgad\u00f3sz\u00e1rny m\u0171eml\u00e9ki helyre\u00e1ll\u00edt\u00e1sa<\/strong><\/figcaption><\/figure>\n<\/div>\n\n<div class=\"wp-block-image\">\n<figure data-wp-context=\"{&quot;imageId&quot;:&quot;69f43fe896d98&quot;}\" data-wp-interactive=\"core\/image\" data-wp-key=\"69f43fe896d98\" class=\"aligncenter wp-lightbox-container\"><img loading=\"lazy\" decoding=\"async\" width=\"1024\" height=\"559\" data-wp-class--hide=\"state.isContentHidden\" data-wp-class--show=\"state.isContentVisible\" data-wp-init=\"callbacks.setButtonStyles\" data-wp-on--click=\"actions.showLightbox\" data-wp-on--load=\"callbacks.setButtonStyles\" data-wp-on-window--resize=\"callbacks.setButtonStyles\" src=\"http:\/\/integralepito.hu\/wp-content\/uploads\/2019\/02\/takszov-1024x559.jpg\" alt=\"\" class=\"wp-image-1394\" srcset=\"http:\/\/integralepito.hu\/wp-content\/uploads\/2019\/02\/takszov-1024x559.jpg 1024w, http:\/\/integralepito.hu\/wp-content\/uploads\/2019\/02\/takszov-300x164.jpg 300w, http:\/\/integralepito.hu\/wp-content\/uploads\/2019\/02\/takszov-768x419.jpg 768w, http:\/\/integralepito.hu\/wp-content\/uploads\/2019\/02\/takszov.jpg 1599w\" sizes=\"(max-width: 1024px) 100vw, 1024px\" \/><button\n\t\t\tclass=\"lightbox-trigger\"\n\t\t\ttype=\"button\"\n\t\t\taria-haspopup=\"dialog\"\n\t\t\taria-label=\"Nagy\u00edt\u00e1s\"\n\t\t\tdata-wp-init=\"callbacks.initTriggerButton\"\n\t\t\tdata-wp-on--click=\"actions.showLightbox\"\n\t\t\tdata-wp-style--right=\"state.imageButtonRight\"\n\t\t\tdata-wp-style--top=\"state.imageButtonTop\"\n\t\t>\n\t\t\t<svg xmlns=\"http:\/\/www.w3.org\/2000\/svg\" width=\"12\" height=\"12\" fill=\"none\" viewBox=\"0 0 12 12\">\n\t\t\t\t<path fill=\"#fff\" d=\"M2 0a2 2 0 0 0-2 2v2h1.5V2a.5.5 0 0 1 .5-.5h2V0H2Zm2 10.5H2a.5.5 0 0 1-.5-.5V8H0v2a2 2 0 0 0 2 2h2v-1.5ZM8 12v-1.5h2a.5.5 0 0 0 .5-.5V8H12v2a2 2 0 0 1-2 2H8Zm2-12a2 2 0 0 1 2 2v2h-1.5V2a.5.5 0 0 0-.5-.5H8V0h2Z\" \/>\n\t\t\t<\/svg>\n\t\t<\/button><figcaption class=\"wp-element-caption\"><strong>Endr\u0151d \u00e9s Vid\u00e9ke Takar\u00e9ksz\u00f6vetkezet gyomai \u00fczleth\u00e1z<\/strong><\/figcaption><\/figure>\n<\/div>\n\n\n<p><\/p>\n","protected":false},"excerpt":{"rendered":"","protected":false},"author":1,"featured_media":0,"parent":27,"menu_order":0,"comment_status":"closed","ping_status":"closed","template":"","meta":{"footnotes":""},"class_list":["post-1367","page","type-page","status-publish","hentry"],"_links":{"self":[{"href":"http:\/\/integralepito.hu\/index.php\/wp-json\/wp\/v2\/pages\/1367","targetHints":{"allow":["GET"]}}],"collection":[{"href":"http:\/\/integralepito.hu\/index.php\/wp-json\/wp\/v2\/pages"}],"about":[{"href":"http:\/\/integralepito.hu\/index.php\/wp-json\/wp\/v2\/types\/page"}],"author":[{"embeddable":true,"href":"http:\/\/integralepito.hu\/index.php\/wp-json\/wp\/v2\/users\/1"}],"replies":[{"embeddable":true,"href":"http:\/\/integralepito.hu\/index.php\/wp-json\/wp\/v2\/comments?post=1367"}],"version-history":[{"count":18,"href":"http:\/\/integralepito.hu\/index.php\/wp-json\/wp\/v2\/pages\/1367\/revisions"}],"predecessor-version":[{"id":2379,"href":"http:\/\/integralepito.hu\/index.php\/wp-json\/wp\/v2\/pages\/1367\/revisions\/2379"}],"up":[{"embeddable":true,"href":"http:\/\/integralepito.hu\/index.php\/wp-json\/wp\/v2\/pages\/27"}],"wp:attachment":[{"href":"http:\/\/integralepito.hu\/index.php\/wp-json\/wp\/v2\/media?parent=1367"}],"curies":[{"name":"wp","href":"https:\/\/api.w.org\/{rel}","templated":true}]}}