{"id":1261,"date":"2019-02-11T22:29:18","date_gmt":"2019-02-11T22:29:18","guid":{"rendered":"http:\/\/integralepito.web2.vhost.hu\/?page_id=1261"},"modified":"2024-11-03T18:58:27","modified_gmt":"2024-11-03T18:58:27","slug":"2012-2","status":"publish","type":"page","link":"http:\/\/integralepito.hu\/index.php\/referenciak\/2012-2\/","title":{"rendered":"2012"},"content":{"rendered":"<div class=\"wp-block-image\">\n<figure data-wp-context=\"{&quot;imageId&quot;:&quot;69f43fe8bf661&quot;}\" data-wp-interactive=\"core\/image\" data-wp-key=\"69f43fe8bf661\" class=\"aligncenter wp-lightbox-container\"><img fetchpriority=\"high\" decoding=\"async\" width=\"1024\" height=\"421\" data-wp-class--hide=\"state.isContentHidden\" data-wp-class--show=\"state.isContentVisible\" data-wp-init=\"callbacks.setButtonStyles\" data-wp-on--click=\"actions.showLightbox\" data-wp-on--load=\"callbacks.setButtonStyles\" data-wp-on-window--resize=\"callbacks.setButtonStyles\" src=\"http:\/\/integralepito.hu\/wp-content\/uploads\/2022\/10\/P\u00e1nd\u00edhelikopt-1024x421.jpg\" alt=\"\" class=\"wp-image-1918\" srcset=\"http:\/\/integralepito.hu\/wp-content\/uploads\/2022\/10\/P\u00e1nd\u00edhelikopt-1024x421.jpg 1024w, http:\/\/integralepito.hu\/wp-content\/uploads\/2022\/10\/P\u00e1nd\u00edhelikopt-300x123.jpg 300w, http:\/\/integralepito.hu\/wp-content\/uploads\/2022\/10\/P\u00e1nd\u00edhelikopt-768x316.jpg 768w, http:\/\/integralepito.hu\/wp-content\/uploads\/2022\/10\/P\u00e1nd\u00edhelikopt.jpg 1290w\" sizes=\"(max-width: 1024px) 100vw, 1024px\" \/><button\n\t\t\tclass=\"lightbox-trigger\"\n\t\t\ttype=\"button\"\n\t\t\taria-haspopup=\"dialog\"\n\t\t\taria-label=\"Nagy\u00edt\u00e1s\"\n\t\t\tdata-wp-init=\"callbacks.initTriggerButton\"\n\t\t\tdata-wp-on--click=\"actions.showLightbox\"\n\t\t\tdata-wp-style--right=\"state.imageButtonRight\"\n\t\t\tdata-wp-style--top=\"state.imageButtonTop\"\n\t\t>\n\t\t\t<svg xmlns=\"http:\/\/www.w3.org\/2000\/svg\" width=\"12\" height=\"12\" fill=\"none\" viewBox=\"0 0 12 12\">\n\t\t\t\t<path fill=\"#fff\" d=\"M2 0a2 2 0 0 0-2 2v2h1.5V2a.5.5 0 0 1 .5-.5h2V0H2Zm2 10.5H2a.5.5 0 0 1-.5-.5V8H0v2a2 2 0 0 0 2 2h2v-1.5ZM8 12v-1.5h2a.5.5 0 0 0 .5-.5V8H12v2a2 2 0 0 1-2 2H8Zm2-12a2 2 0 0 1 2 2v2h-1.5V2a.5.5 0 0 0-.5-.5H8V0h2Z\" \/>\n\t\t\t<\/svg>\n\t\t<\/button><figcaption class=\"wp-element-caption\"><strong><br>P\u00e1ndy K\u00e1lm\u00e1n K\u00f3rh\u00e1z SBO kivitelez\u00e9si munk\u00e1i helikopter lesz\u00e1ll\u00f3  <\/strong><\/figcaption><\/figure>\n<\/div>\n\n<div class=\"wp-block-image\">\n<figure data-wp-context=\"{&quot;imageId&quot;:&quot;69f43fe8bfcde&quot;}\" data-wp-interactive=\"core\/image\" data-wp-key=\"69f43fe8bfcde\" class=\"aligncenter wp-lightbox-container\"><img decoding=\"async\" width=\"1024\" height=\"683\" data-wp-class--hide=\"state.isContentHidden\" data-wp-class--show=\"state.isContentVisible\" data-wp-init=\"callbacks.setButtonStyles\" data-wp-on--click=\"actions.showLightbox\" data-wp-on--load=\"callbacks.setButtonStyles\" data-wp-on-window--resize=\"callbacks.setButtonStyles\" src=\"http:\/\/integralepito.hu\/wp-content\/uploads\/2022\/10\/central-etterem-14944-1200x800-1024x683.jpg\" alt=\"\" class=\"wp-image-1919\" srcset=\"http:\/\/integralepito.hu\/wp-content\/uploads\/2022\/10\/central-etterem-14944-1200x800-1024x683.jpg 1024w, http:\/\/integralepito.hu\/wp-content\/uploads\/2022\/10\/central-etterem-14944-1200x800-300x200.jpg 300w, http:\/\/integralepito.hu\/wp-content\/uploads\/2022\/10\/central-etterem-14944-1200x800-768x512.jpg 768w, http:\/\/integralepito.hu\/wp-content\/uploads\/2022\/10\/central-etterem-14944-1200x800.jpg 1200w\" sizes=\"(max-width: 1024px) 100vw, 1024px\" \/><button\n\t\t\tclass=\"lightbox-trigger\"\n\t\t\ttype=\"button\"\n\t\t\taria-haspopup=\"dialog\"\n\t\t\taria-label=\"Nagy\u00edt\u00e1s\"\n\t\t\tdata-wp-init=\"callbacks.initTriggerButton\"\n\t\t\tdata-wp-on--click=\"actions.showLightbox\"\n\t\t\tdata-wp-style--right=\"state.imageButtonRight\"\n\t\t\tdata-wp-style--top=\"state.imageButtonTop\"\n\t\t>\n\t\t\t<svg xmlns=\"http:\/\/www.w3.org\/2000\/svg\" width=\"12\" height=\"12\" fill=\"none\" viewBox=\"0 0 12 12\">\n\t\t\t\t<path fill=\"#fff\" d=\"M2 0a2 2 0 0 0-2 2v2h1.5V2a.5.5 0 0 1 .5-.5h2V0H2Zm2 10.5H2a.5.5 0 0 1-.5-.5V8H0v2a2 2 0 0 0 2 2h2v-1.5ZM8 12v-1.5h2a.5.5 0 0 0 .5-.5V8H12v2a2 2 0 0 1-2 2H8Zm2-12a2 2 0 0 1 2 2v2h-1.5V2a.5.5 0 0 0-.5-.5H8V0h2Z\" \/>\n\t\t\t<\/svg>\n\t\t<\/button><figcaption class=\"wp-element-caption\">Mez\u0151hegyes Centr\u00e1l sz\u00e1ll\u00f3 fel\u00faj\u00edt\u00e1sa<\/figcaption><\/figure>\n<\/div>\n\n\n<figure class=\"wp-block-gallery has-nested-images columns-default is-cropped wp-block-gallery-1 is-layout-flex wp-block-gallery-is-layout-flex\">\n<figure data-wp-context=\"{&quot;imageId&quot;:&quot;69f43fe8c020f&quot;}\" data-wp-interactive=\"core\/image\" data-wp-key=\"69f43fe8c020f\" class=\"wp-block-image size-large wp-lightbox-container\"><img decoding=\"async\" width=\"1024\" height=\"768\" data-wp-class--hide=\"state.isContentHidden\" data-wp-class--show=\"state.isContentVisible\" data-wp-init=\"callbacks.setButtonStyles\" data-wp-on--click=\"actions.showLightbox\" data-wp-on--load=\"callbacks.setButtonStyles\" data-wp-on-window--resize=\"callbacks.setButtonStyles\" data-id=\"2281\" src=\"http:\/\/integralepito.hu\/wp-content\/uploads\/2024\/11\/016vz21-1024x768.jpg\" alt=\"\" class=\"wp-image-2281\" srcset=\"http:\/\/integralepito.hu\/wp-content\/uploads\/2024\/11\/016vz21-1024x768.jpg 1024w, http:\/\/integralepito.hu\/wp-content\/uploads\/2024\/11\/016vz21-300x225.jpg 300w, http:\/\/integralepito.hu\/wp-content\/uploads\/2024\/11\/016vz21-768x576.jpg 768w, http:\/\/integralepito.hu\/wp-content\/uploads\/2024\/11\/016vz21-1536x1152.jpg 1536w, http:\/\/integralepito.hu\/wp-content\/uploads\/2024\/11\/016vz21-2048x1536.jpg 2048w\" sizes=\"(max-width: 1024px) 100vw, 1024px\" \/><button\n\t\t\tclass=\"lightbox-trigger\"\n\t\t\ttype=\"button\"\n\t\t\taria-haspopup=\"dialog\"\n\t\t\taria-label=\"Nagy\u00edt\u00e1s\"\n\t\t\tdata-wp-init=\"callbacks.initTriggerButton\"\n\t\t\tdata-wp-on--click=\"actions.showLightbox\"\n\t\t\tdata-wp-style--right=\"state.imageButtonRight\"\n\t\t\tdata-wp-style--top=\"state.imageButtonTop\"\n\t\t>\n\t\t\t<svg xmlns=\"http:\/\/www.w3.org\/2000\/svg\" width=\"12\" height=\"12\" fill=\"none\" viewBox=\"0 0 12 12\">\n\t\t\t\t<path fill=\"#fff\" d=\"M2 0a2 2 0 0 0-2 2v2h1.5V2a.5.5 0 0 1 .5-.5h2V0H2Zm2 10.5H2a.5.5 0 0 1-.5-.5V8H0v2a2 2 0 0 0 2 2h2v-1.5ZM8 12v-1.5h2a.5.5 0 0 0 .5-.5V8H12v2a2 2 0 0 1-2 2H8Zm2-12a2 2 0 0 1 2 2v2h-1.5V2a.5.5 0 0 0-.5-.5H8V0h2Z\" \/>\n\t\t\t<\/svg>\n\t\t<\/button><\/figure>\n\n\n\n<figure data-wp-context=\"{&quot;imageId&quot;:&quot;69f43fe8c06cf&quot;}\" data-wp-interactive=\"core\/image\" data-wp-key=\"69f43fe8c06cf\" class=\"wp-block-image size-large wp-lightbox-container\"><img loading=\"lazy\" decoding=\"async\" width=\"768\" height=\"1024\" data-wp-class--hide=\"state.isContentHidden\" data-wp-class--show=\"state.isContentVisible\" data-wp-init=\"callbacks.setButtonStyles\" data-wp-on--click=\"actions.showLightbox\" data-wp-on--load=\"callbacks.setButtonStyles\" data-wp-on-window--resize=\"callbacks.setButtonStyles\" data-id=\"2278\" src=\"http:\/\/integralepito.hu\/wp-content\/uploads\/2024\/11\/016vz24-768x1024.jpg\" alt=\"\" class=\"wp-image-2278\" srcset=\"http:\/\/integralepito.hu\/wp-content\/uploads\/2024\/11\/016vz24-768x1023.jpg 768w, http:\/\/integralepito.hu\/wp-content\/uploads\/2024\/11\/016vz24-225x300.jpg 225w, http:\/\/integralepito.hu\/wp-content\/uploads\/2024\/11\/016vz24.jpg 953w\" sizes=\"(max-width: 768px) 100vw, 768px\" \/><button\n\t\t\tclass=\"lightbox-trigger\"\n\t\t\ttype=\"button\"\n\t\t\taria-haspopup=\"dialog\"\n\t\t\taria-label=\"Nagy\u00edt\u00e1s\"\n\t\t\tdata-wp-init=\"callbacks.initTriggerButton\"\n\t\t\tdata-wp-on--click=\"actions.showLightbox\"\n\t\t\tdata-wp-style--right=\"state.imageButtonRight\"\n\t\t\tdata-wp-style--top=\"state.imageButtonTop\"\n\t\t>\n\t\t\t<svg xmlns=\"http:\/\/www.w3.org\/2000\/svg\" width=\"12\" height=\"12\" fill=\"none\" viewBox=\"0 0 12 12\">\n\t\t\t\t<path fill=\"#fff\" d=\"M2 0a2 2 0 0 0-2 2v2h1.5V2a.5.5 0 0 1 .5-.5h2V0H2Zm2 10.5H2a.5.5 0 0 1-.5-.5V8H0v2a2 2 0 0 0 2 2h2v-1.5ZM8 12v-1.5h2a.5.5 0 0 0 .5-.5V8H12v2a2 2 0 0 1-2 2H8Zm2-12a2 2 0 0 1 2 2v2h-1.5V2a.5.5 0 0 0-.5-.5H8V0h2Z\" \/>\n\t\t\t<\/svg>\n\t\t<\/button><\/figure>\n\n\n\n<figure data-wp-context=\"{&quot;imageId&quot;:&quot;69f43fe8c0b7d&quot;}\" data-wp-interactive=\"core\/image\" data-wp-key=\"69f43fe8c0b7d\" class=\"wp-block-image size-large wp-lightbox-container\"><img loading=\"lazy\" decoding=\"async\" width=\"1024\" height=\"553\" data-wp-class--hide=\"state.isContentHidden\" data-wp-class--show=\"state.isContentVisible\" data-wp-init=\"callbacks.setButtonStyles\" data-wp-on--click=\"actions.showLightbox\" data-wp-on--load=\"callbacks.setButtonStyles\" data-wp-on-window--resize=\"callbacks.setButtonStyles\" data-id=\"2279\" src=\"http:\/\/integralepito.hu\/wp-content\/uploads\/2024\/11\/016vz29-1024x553.jpg\" alt=\"\" class=\"wp-image-2279\" srcset=\"http:\/\/integralepito.hu\/wp-content\/uploads\/2024\/11\/016vz29-1024x553.jpg 1024w, http:\/\/integralepito.hu\/wp-content\/uploads\/2024\/11\/016vz29-300x162.jpg 300w, http:\/\/integralepito.hu\/wp-content\/uploads\/2024\/11\/016vz29-768x415.jpg 768w, http:\/\/integralepito.hu\/wp-content\/uploads\/2024\/11\/016vz29-1536x830.jpg 1536w, http:\/\/integralepito.hu\/wp-content\/uploads\/2024\/11\/016vz29-2048x1106.jpg 2048w\" sizes=\"(max-width: 1024px) 100vw, 1024px\" \/><button\n\t\t\tclass=\"lightbox-trigger\"\n\t\t\ttype=\"button\"\n\t\t\taria-haspopup=\"dialog\"\n\t\t\taria-label=\"Nagy\u00edt\u00e1s\"\n\t\t\tdata-wp-init=\"callbacks.initTriggerButton\"\n\t\t\tdata-wp-on--click=\"actions.showLightbox\"\n\t\t\tdata-wp-style--right=\"state.imageButtonRight\"\n\t\t\tdata-wp-style--top=\"state.imageButtonTop\"\n\t\t>\n\t\t\t<svg xmlns=\"http:\/\/www.w3.org\/2000\/svg\" width=\"12\" height=\"12\" fill=\"none\" viewBox=\"0 0 12 12\">\n\t\t\t\t<path fill=\"#fff\" d=\"M2 0a2 2 0 0 0-2 2v2h1.5V2a.5.5 0 0 1 .5-.5h2V0H2Zm2 10.5H2a.5.5 0 0 1-.5-.5V8H0v2a2 2 0 0 0 2 2h2v-1.5ZM8 12v-1.5h2a.5.5 0 0 0 .5-.5V8H12v2a2 2 0 0 1-2 2H8Zm2-12a2 2 0 0 1 2 2v2h-1.5V2a.5.5 0 0 0-.5-.5H8V0h2Z\" \/>\n\t\t\t<\/svg>\n\t\t<\/button><\/figure>\n<figcaption class=\"blocks-gallery-caption wp-element-caption\"><strong>Szarvas, Holt K\u0151r\u00f6s fah\u00edd \u00e9p\u00edt\u00e9se<\/strong><\/figcaption><\/figure>\n","protected":false},"excerpt":{"rendered":"","protected":false},"author":1,"featured_media":1262,"parent":27,"menu_order":0,"comment_status":"closed","ping_status":"closed","template":"","meta":{"footnotes":""},"class_list":["post-1261","page","type-page","status-publish","has-post-thumbnail","hentry"],"_links":{"self":[{"href":"http:\/\/integralepito.hu\/index.php\/wp-json\/wp\/v2\/pages\/1261","targetHints":{"allow":["GET"]}}],"collection":[{"href":"http:\/\/integralepito.hu\/index.php\/wp-json\/wp\/v2\/pages"}],"about":[{"href":"http:\/\/integralepito.hu\/index.php\/wp-json\/wp\/v2\/types\/page"}],"author":[{"embeddable":true,"href":"http:\/\/integralepito.hu\/index.php\/wp-json\/wp\/v2\/users\/1"}],"replies":[{"embeddable":true,"href":"http:\/\/integralepito.hu\/index.php\/wp-json\/wp\/v2\/comments?post=1261"}],"version-history":[{"count":5,"href":"http:\/\/integralepito.hu\/index.php\/wp-json\/wp\/v2\/pages\/1261\/revisions"}],"predecessor-version":[{"id":2283,"href":"http:\/\/integralepito.hu\/index.php\/wp-json\/wp\/v2\/pages\/1261\/revisions\/2283"}],"up":[{"embeddable":true,"href":"http:\/\/integralepito.hu\/index.php\/wp-json\/wp\/v2\/pages\/27"}],"wp:featuredmedia":[{"embeddable":true,"href":"http:\/\/integralepito.hu\/index.php\/wp-json\/wp\/v2\/media\/1262"}],"wp:attachment":[{"href":"http:\/\/integralepito.hu\/index.php\/wp-json\/wp\/v2\/media?parent=1261"}],"curies":[{"name":"wp","href":"https:\/\/api.w.org\/{rel}","templated":true}]}}