{"id":1145,"date":"2019-01-19T10:54:55","date_gmt":"2019-01-19T10:54:55","guid":{"rendered":"http:\/\/integralepito.web2.vhost.hu\/?page_id=1145"},"modified":"2024-11-08T13:01:29","modified_gmt":"2024-11-08T13:01:29","slug":"2009-2","status":"publish","type":"page","link":"http:\/\/integralepito.hu\/index.php\/referenciak\/2009-2\/","title":{"rendered":"2009"},"content":{"rendered":"\n<figure class=\"wp-block-gallery has-nested-images columns-default is-cropped wp-block-gallery-1 is-layout-flex wp-block-gallery-is-layout-flex\">\n<figure data-wp-context=\"{&quot;imageId&quot;:&quot;69f19cd415565&quot;}\" data-wp-interactive=\"core\/image\" data-wp-key=\"69f19cd415565\" class=\"wp-block-image size-large wp-lightbox-container\"><img fetchpriority=\"high\" decoding=\"async\" width=\"1024\" height=\"611\" data-wp-class--hide=\"state.isContentHidden\" data-wp-class--show=\"state.isContentVisible\" data-wp-init=\"callbacks.setButtonStyles\" data-wp-on--click=\"actions.showLightbox\" data-wp-on--load=\"callbacks.setButtonStyles\" data-wp-on-window--resize=\"callbacks.setButtonStyles\" data-id=\"182\" src=\"http:\/\/integralepito.hu\/wp-content\/uploads\/2019\/01\/kossuthovi-1024x611.jpg\" alt=\"\" class=\"wp-image-182\" srcset=\"http:\/\/integralepito.hu\/wp-content\/uploads\/2019\/01\/kossuthovi-1024x611.jpg 1024w, http:\/\/integralepito.hu\/wp-content\/uploads\/2019\/01\/kossuthovi-300x179.jpg 300w, http:\/\/integralepito.hu\/wp-content\/uploads\/2019\/01\/kossuthovi-768x458.jpg 768w, http:\/\/integralepito.hu\/wp-content\/uploads\/2019\/01\/kossuthovi.jpg 1204w\" sizes=\"(max-width: 1024px) 100vw, 1024px\" \/><button\n\t\t\tclass=\"lightbox-trigger\"\n\t\t\ttype=\"button\"\n\t\t\taria-haspopup=\"dialog\"\n\t\t\taria-label=\"Nagy\u00edt\u00e1s\"\n\t\t\tdata-wp-init=\"callbacks.initTriggerButton\"\n\t\t\tdata-wp-on--click=\"actions.showLightbox\"\n\t\t\tdata-wp-style--right=\"state.imageButtonRight\"\n\t\t\tdata-wp-style--top=\"state.imageButtonTop\"\n\t\t>\n\t\t\t<svg xmlns=\"http:\/\/www.w3.org\/2000\/svg\" width=\"12\" height=\"12\" fill=\"none\" viewBox=\"0 0 12 12\">\n\t\t\t\t<path fill=\"#fff\" d=\"M2 0a2 2 0 0 0-2 2v2h1.5V2a.5.5 0 0 1 .5-.5h2V0H2Zm2 10.5H2a.5.5 0 0 1-.5-.5V8H0v2a2 2 0 0 0 2 2h2v-1.5ZM8 12v-1.5h2a.5.5 0 0 0 .5-.5V8H12v2a2 2 0 0 1-2 2H8Zm2-12a2 2 0 0 1 2 2v2h-1.5V2a.5.5 0 0 0-.5-.5H8V0h2Z\" \/>\n\t\t\t<\/svg>\n\t\t<\/button><\/figure>\n<figcaption class=\"blocks-gallery-caption wp-element-caption\"><strong>Szarvas, Kossuth u. \u00faj \u00f3voda \u00e9p\u00edt\u00e9se<\/strong><\/figcaption><\/figure>\n\n\n<div class=\"wp-block-image\">\n<figure data-wp-context=\"{&quot;imageId&quot;:&quot;69f19cd416631&quot;}\" data-wp-interactive=\"core\/image\" data-wp-key=\"69f19cd416631\" class=\"aligncenter wp-lightbox-container\"><img decoding=\"async\" width=\"1024\" height=\"642\" data-wp-class--hide=\"state.isContentHidden\" data-wp-class--show=\"state.isContentVisible\" data-wp-init=\"callbacks.setButtonStyles\" data-wp-on--click=\"actions.showLightbox\" data-wp-on--load=\"callbacks.setButtonStyles\" data-wp-on-window--resize=\"callbacks.setButtonStyles\" src=\"http:\/\/integralepito.hu\/wp-content\/uploads\/2019\/02\/ovoda-dozsa-utca-1024x642.jpg\" alt=\"\" class=\"wp-image-1290\" srcset=\"http:\/\/integralepito.hu\/wp-content\/uploads\/2019\/02\/ovoda-dozsa-utca.jpg 1024w, http:\/\/integralepito.hu\/wp-content\/uploads\/2019\/02\/ovoda-dozsa-utca-300x188.jpg 300w, http:\/\/integralepito.hu\/wp-content\/uploads\/2019\/02\/ovoda-dozsa-utca-768x482.jpg 768w\" sizes=\"(max-width: 1024px) 100vw, 1024px\" \/><button\n\t\t\tclass=\"lightbox-trigger\"\n\t\t\ttype=\"button\"\n\t\t\taria-haspopup=\"dialog\"\n\t\t\taria-label=\"Nagy\u00edt\u00e1s\"\n\t\t\tdata-wp-init=\"callbacks.initTriggerButton\"\n\t\t\tdata-wp-on--click=\"actions.showLightbox\"\n\t\t\tdata-wp-style--right=\"state.imageButtonRight\"\n\t\t\tdata-wp-style--top=\"state.imageButtonTop\"\n\t\t>\n\t\t\t<svg xmlns=\"http:\/\/www.w3.org\/2000\/svg\" width=\"12\" height=\"12\" fill=\"none\" viewBox=\"0 0 12 12\">\n\t\t\t\t<path fill=\"#fff\" d=\"M2 0a2 2 0 0 0-2 2v2h1.5V2a.5.5 0 0 1 .5-.5h2V0H2Zm2 10.5H2a.5.5 0 0 1-.5-.5V8H0v2a2 2 0 0 0 2 2h2v-1.5ZM8 12v-1.5h2a.5.5 0 0 0 .5-.5V8H12v2a2 2 0 0 1-2 2H8Zm2-12a2 2 0 0 1 2 2v2h-1.5V2a.5.5 0 0 0-.5-.5H8V0h2Z\" \/>\n\t\t\t<\/svg>\n\t\t<\/button><figcaption class=\"wp-element-caption\"> <br><strong>Szarvas, D\u00f3zsa utcai \u00f3voda fel\u00faj\u00edt\u00e1sa<\/strong> <\/figcaption><\/figure>\n<\/div>\n\n<div class=\"wp-block-image\">\n<figure data-wp-context=\"{&quot;imageId&quot;:&quot;69f19cd416bab&quot;}\" data-wp-interactive=\"core\/image\" data-wp-key=\"69f19cd416bab\" class=\"aligncenter wp-lightbox-container\"><img decoding=\"async\" width=\"1024\" height=\"479\" data-wp-class--hide=\"state.isContentHidden\" data-wp-class--show=\"state.isContentVisible\" data-wp-init=\"callbacks.setButtonStyles\" data-wp-on--click=\"actions.showLightbox\" data-wp-on--load=\"callbacks.setButtonStyles\" data-wp-on-window--resize=\"callbacks.setButtonStyles\" src=\"http:\/\/integralepito.hu\/wp-content\/uploads\/2019\/01\/dozsaovi-1024x479.jpg\" alt=\"\" class=\"wp-image-188\" srcset=\"http:\/\/integralepito.hu\/wp-content\/uploads\/2019\/01\/dozsaovi-1024x479.jpg 1024w, http:\/\/integralepito.hu\/wp-content\/uploads\/2019\/01\/dozsaovi-300x140.jpg 300w, http:\/\/integralepito.hu\/wp-content\/uploads\/2019\/01\/dozsaovi-768x359.jpg 768w, http:\/\/integralepito.hu\/wp-content\/uploads\/2019\/01\/dozsaovi.jpg 1165w\" sizes=\"(max-width: 1024px) 100vw, 1024px\" \/><button\n\t\t\tclass=\"lightbox-trigger\"\n\t\t\ttype=\"button\"\n\t\t\taria-haspopup=\"dialog\"\n\t\t\taria-label=\"Nagy\u00edt\u00e1s\"\n\t\t\tdata-wp-init=\"callbacks.initTriggerButton\"\n\t\t\tdata-wp-on--click=\"actions.showLightbox\"\n\t\t\tdata-wp-style--right=\"state.imageButtonRight\"\n\t\t\tdata-wp-style--top=\"state.imageButtonTop\"\n\t\t>\n\t\t\t<svg xmlns=\"http:\/\/www.w3.org\/2000\/svg\" width=\"12\" height=\"12\" fill=\"none\" viewBox=\"0 0 12 12\">\n\t\t\t\t<path fill=\"#fff\" d=\"M2 0a2 2 0 0 0-2 2v2h1.5V2a.5.5 0 0 1 .5-.5h2V0H2Zm2 10.5H2a.5.5 0 0 1-.5-.5V8H0v2a2 2 0 0 0 2 2h2v-1.5ZM8 12v-1.5h2a.5.5 0 0 0 .5-.5V8H12v2a2 2 0 0 1-2 2H8Zm2-12a2 2 0 0 1 2 2v2h-1.5V2a.5.5 0 0 0-.5-.5H8V0h2Z\" \/>\n\t\t\t<\/svg>\n\t\t<\/button><figcaption class=\"wp-element-caption\"><strong>Szarvas, D\u00f3zsa utcai \u00f3voda fel\u00faj\u00edt\u00e1sa<\/strong><br><\/figcaption><\/figure>\n<\/div>\n\n<div class=\"wp-block-image\">\n<figure data-wp-context=\"{&quot;imageId&quot;:&quot;69f19cd4170c8&quot;}\" data-wp-interactive=\"core\/image\" data-wp-key=\"69f19cd4170c8\" class=\"aligncenter wp-lightbox-container\"><img loading=\"lazy\" decoding=\"async\" width=\"1024\" height=\"613\" data-wp-class--hide=\"state.isContentHidden\" data-wp-class--show=\"state.isContentVisible\" data-wp-init=\"callbacks.setButtonStyles\" data-wp-on--click=\"actions.showLightbox\" data-wp-on--load=\"callbacks.setButtonStyles\" data-wp-on-window--resize=\"callbacks.setButtonStyles\" src=\"http:\/\/integralepito.hu\/wp-content\/uploads\/2019\/02\/paletta-1024x613.jpg\" alt=\"\" class=\"wp-image-1279\" srcset=\"http:\/\/integralepito.hu\/wp-content\/uploads\/2019\/02\/paletta-1024x613.jpg 1024w, http:\/\/integralepito.hu\/wp-content\/uploads\/2019\/02\/paletta-300x180.jpg 300w, http:\/\/integralepito.hu\/wp-content\/uploads\/2019\/02\/paletta-768x460.jpg 768w, http:\/\/integralepito.hu\/wp-content\/uploads\/2019\/02\/paletta.jpg 1036w\" sizes=\"(max-width: 1024px) 100vw, 1024px\" \/><button\n\t\t\tclass=\"lightbox-trigger\"\n\t\t\ttype=\"button\"\n\t\t\taria-haspopup=\"dialog\"\n\t\t\taria-label=\"Nagy\u00edt\u00e1s\"\n\t\t\tdata-wp-init=\"callbacks.initTriggerButton\"\n\t\t\tdata-wp-on--click=\"actions.showLightbox\"\n\t\t\tdata-wp-style--right=\"state.imageButtonRight\"\n\t\t\tdata-wp-style--top=\"state.imageButtonTop\"\n\t\t>\n\t\t\t<svg xmlns=\"http:\/\/www.w3.org\/2000\/svg\" width=\"12\" height=\"12\" fill=\"none\" viewBox=\"0 0 12 12\">\n\t\t\t\t<path fill=\"#fff\" d=\"M2 0a2 2 0 0 0-2 2v2h1.5V2a.5.5 0 0 1 .5-.5h2V0H2Zm2 10.5H2a.5.5 0 0 1-.5-.5V8H0v2a2 2 0 0 0 2 2h2v-1.5ZM8 12v-1.5h2a.5.5 0 0 0 .5-.5V8H12v2a2 2 0 0 1-2 2H8Zm2-12a2 2 0 0 1 2 2v2h-1.5V2a.5.5 0 0 0-.5-.5H8V0h2Z\" \/>\n\t\t\t<\/svg>\n\t\t<\/button><figcaption class=\"wp-element-caption\"><strong>Szarvasi GOAS Bt \u00fczleth\u00e1za<\/strong><\/figcaption><\/figure>\n<\/div>\n\n\n<figure class=\"wp-block-image is-resized\"><a href=\"http:\/\/integralepito.web2.vhost.hu\/wp-content\/uploads\/2019\/02\/17.jpg\"><img loading=\"lazy\" decoding=\"async\" width=\"300\" height=\"171\" src=\"http:\/\/integralepito.hu\/wp-content\/uploads\/2019\/02\/17-300x171.jpg\" alt=\"\" class=\"wp-image-1282\" style=\"width:582px;height:332px\" srcset=\"http:\/\/integralepito.hu\/wp-content\/uploads\/2019\/02\/17-300x171.jpg 300w, http:\/\/integralepito.hu\/wp-content\/uploads\/2019\/02\/17-350x200.jpg 350w, http:\/\/integralepito.hu\/wp-content\/uploads\/2019\/02\/17.jpg 640w\" sizes=\"(max-width: 300px) 100vw, 300px\" \/><\/a><figcaption class=\"wp-element-caption\"><strong>Szarvas, B\u00f6lcs\u0151de fel\u00faj\u00edt\u00e1s<\/strong><\/figcaption><\/figure>\n\n\n<div class=\"wp-block-image\">\n<figure data-wp-context=\"{&quot;imageId&quot;:&quot;69f19cd41772a&quot;}\" data-wp-interactive=\"core\/image\" data-wp-key=\"69f19cd41772a\" class=\"aligncenter wp-lightbox-container\"><img loading=\"lazy\" decoding=\"async\" width=\"903\" height=\"548\" data-wp-class--hide=\"state.isContentHidden\" data-wp-class--show=\"state.isContentVisible\" data-wp-init=\"callbacks.setButtonStyles\" data-wp-on--click=\"actions.showLightbox\" data-wp-on--load=\"callbacks.setButtonStyles\" data-wp-on-window--resize=\"callbacks.setButtonStyles\" src=\"http:\/\/integralepito.hu\/wp-content\/uploads\/2019\/02\/\u00e1llamk.jpg\" alt=\"\" class=\"wp-image-1284\" srcset=\"http:\/\/integralepito.hu\/wp-content\/uploads\/2019\/02\/\u00e1llamk.jpg 903w, http:\/\/integralepito.hu\/wp-content\/uploads\/2019\/02\/\u00e1llamk-300x182.jpg 300w, http:\/\/integralepito.hu\/wp-content\/uploads\/2019\/02\/\u00e1llamk-768x466.jpg 768w\" sizes=\"(max-width: 903px) 100vw, 903px\" \/><button\n\t\t\tclass=\"lightbox-trigger\"\n\t\t\ttype=\"button\"\n\t\t\taria-haspopup=\"dialog\"\n\t\t\taria-label=\"Nagy\u00edt\u00e1s\"\n\t\t\tdata-wp-init=\"callbacks.initTriggerButton\"\n\t\t\tdata-wp-on--click=\"actions.showLightbox\"\n\t\t\tdata-wp-style--right=\"state.imageButtonRight\"\n\t\t\tdata-wp-style--top=\"state.imageButtonTop\"\n\t\t>\n\t\t\t<svg xmlns=\"http:\/\/www.w3.org\/2000\/svg\" width=\"12\" height=\"12\" fill=\"none\" viewBox=\"0 0 12 12\">\n\t\t\t\t<path fill=\"#fff\" d=\"M2 0a2 2 0 0 0-2 2v2h1.5V2a.5.5 0 0 1 .5-.5h2V0H2Zm2 10.5H2a.5.5 0 0 1-.5-.5V8H0v2a2 2 0 0 0 2 2h2v-1.5ZM8 12v-1.5h2a.5.5 0 0 0 .5-.5V8H12v2a2 2 0 0 1-2 2H8Zm2-12a2 2 0 0 1 2 2v2h-1.5V2a.5.5 0 0 0-.5-.5H8V0h2Z\" \/>\n\t\t\t<\/svg>\n\t\t<\/button><figcaption class=\"wp-element-caption\"><strong>B\u00e9k\u00e9scsaba, Magyar \u00c1llamkincst\u00e1r m\u0171eml\u00e9ki \u00e9p\u00fclet fel\u00faj\u00edt\u00e1sa<\/strong><\/figcaption><\/figure>\n<\/div>\n\n<div class=\"wp-block-image\">\n<figure data-wp-context=\"{&quot;imageId&quot;:&quot;69f19cd417c5b&quot;}\" data-wp-interactive=\"core\/image\" data-wp-key=\"69f19cd417c5b\" class=\"aligncenter wp-lightbox-container\"><img loading=\"lazy\" decoding=\"async\" width=\"933\" height=\"700\" data-wp-class--hide=\"state.isContentHidden\" data-wp-class--show=\"state.isContentVisible\" data-wp-init=\"callbacks.setButtonStyles\" data-wp-on--click=\"actions.showLightbox\" data-wp-on--load=\"callbacks.setButtonStyles\" data-wp-on-window--resize=\"callbacks.setButtonStyles\" src=\"http:\/\/integralepito.hu\/wp-content\/uploads\/2019\/02\/vecseri.jpg\" alt=\"\" class=\"wp-image-1287\" srcset=\"http:\/\/integralepito.hu\/wp-content\/uploads\/2019\/02\/vecseri.jpg 933w, http:\/\/integralepito.hu\/wp-content\/uploads\/2019\/02\/vecseri-300x225.jpg 300w, http:\/\/integralepito.hu\/wp-content\/uploads\/2019\/02\/vecseri-768x576.jpg 768w\" sizes=\"(max-width: 933px) 100vw, 933px\" \/><button\n\t\t\tclass=\"lightbox-trigger\"\n\t\t\ttype=\"button\"\n\t\t\taria-haspopup=\"dialog\"\n\t\t\taria-label=\"Nagy\u00edt\u00e1s\"\n\t\t\tdata-wp-init=\"callbacks.initTriggerButton\"\n\t\t\tdata-wp-on--click=\"actions.showLightbox\"\n\t\t\tdata-wp-style--right=\"state.imageButtonRight\"\n\t\t\tdata-wp-style--top=\"state.imageButtonTop\"\n\t\t>\n\t\t\t<svg xmlns=\"http:\/\/www.w3.org\/2000\/svg\" width=\"12\" height=\"12\" fill=\"none\" viewBox=\"0 0 12 12\">\n\t\t\t\t<path fill=\"#fff\" d=\"M2 0a2 2 0 0 0-2 2v2h1.5V2a.5.5 0 0 1 .5-.5h2V0H2Zm2 10.5H2a.5.5 0 0 1-.5-.5V8H0v2a2 2 0 0 0 2 2h2v-1.5ZM8 12v-1.5h2a.5.5 0 0 0 .5-.5V8H12v2a2 2 0 0 1-2 2H8Zm2-12a2 2 0 0 1 2 2v2h-1.5V2a.5.5 0 0 0-.5-.5H8V0h2Z\" \/>\n\t\t\t<\/svg>\n\t\t<\/button><figcaption class=\"wp-element-caption\"><strong>Szentes, Vecseri foki \u00fat\u00e9p\u00edt\u00e9s<\/strong><\/figcaption><\/figure>\n<\/div>","protected":false},"excerpt":{"rendered":"","protected":false},"author":1,"featured_media":0,"parent":27,"menu_order":0,"comment_status":"closed","ping_status":"closed","template":"","meta":{"footnotes":""},"class_list":["post-1145","page","type-page","status-publish","hentry"],"_links":{"self":[{"href":"http:\/\/integralepito.hu\/index.php\/wp-json\/wp\/v2\/pages\/1145","targetHints":{"allow":["GET"]}}],"collection":[{"href":"http:\/\/integralepito.hu\/index.php\/wp-json\/wp\/v2\/pages"}],"about":[{"href":"http:\/\/integralepito.hu\/index.php\/wp-json\/wp\/v2\/types\/page"}],"author":[{"embeddable":true,"href":"http:\/\/integralepito.hu\/index.php\/wp-json\/wp\/v2\/users\/1"}],"replies":[{"embeddable":true,"href":"http:\/\/integralepito.hu\/index.php\/wp-json\/wp\/v2\/comments?post=1145"}],"version-history":[{"count":10,"href":"http:\/\/integralepito.hu\/index.php\/wp-json\/wp\/v2\/pages\/1145\/revisions"}],"predecessor-version":[{"id":2285,"href":"http:\/\/integralepito.hu\/index.php\/wp-json\/wp\/v2\/pages\/1145\/revisions\/2285"}],"up":[{"embeddable":true,"href":"http:\/\/integralepito.hu\/index.php\/wp-json\/wp\/v2\/pages\/27"}],"wp:attachment":[{"href":"http:\/\/integralepito.hu\/index.php\/wp-json\/wp\/v2\/media?parent=1145"}],"curies":[{"name":"wp","href":"https:\/\/api.w.org\/{rel}","templated":true}]}}